{"id":6668,"date":"2019-04-10T09:12:38","date_gmt":"2019-04-10T08:12:38","guid":{"rendered":"http:\/\/music-gift.eu\/?post_type=product&#038;p=6668"},"modified":"2023-09-13T11:07:03","modified_gmt":"2023-09-13T10:07:03","slug":"lencodebolso","status":"publish","type":"product","link":"https:\/\/music-gift.eu\/pt-pt\/product\/lencodebolso\/","title":{"rendered":"Len\u00e7o de Bolso"},"content":{"rendered":"<p>O tecido em poli\u00e9ster proporciona a melhor qualidade de imagem e aguenta muitas idas \u00e0 m\u00e1quina de lavar. Lavar a 30\u00ba C.<\/p>\n<p>Aten\u00e7\u00e3o: o produto pode n\u00e3o ser exactamente igual ao da foto. O tecido com m\u00fasica \u00e9 cortado de forma aleat\u00f3ria, pelo que os padr\u00f5es das pe\u00e7as ser\u00e3o todos diferentes.<\/p>\n<p>Produzido em Portugal pela MUSIC GIFT.<\/p>\n<p>&nbsp;<\/p>\n<p>&nbsp;<\/p>\n","protected":false},"excerpt":{"rendered":"<p>Os len\u00e7os de bolso s\u00e3o apropriados para v\u00e1rias ocasi\u00f5es. Para um evento formal, para um encontro ou at\u00e9 mesmo para um look casual, voc\u00ea pode usar um len\u00e7o de bolso para embelezar o seu visual. A fun\u00e7\u00e3o do len\u00e7o de bolso \u00e9 o estilo \u2013 ele pode ser usado para expressar a sua criatividade, para criar uma sensa\u00e7\u00e3o elegante ou simplesmente para adicionar um toque de cor .<\/p>\n<p>Dimens\u00f5es: 28 x 28 cm 100% poli\u00e9ster<\/p>\n","protected":false},"featured_media":9180,"comment_status":"open","ping_status":"closed","template":"","meta":[],"product_cat":[672],"product_tag":[633,629,631,462],"aioseo_notices":[],"_links":{"self":[{"href":"https:\/\/music-gift.eu\/pt-pt\/wp-json\/wp\/v2\/product\/6668"}],"collection":[{"href":"https:\/\/music-gift.eu\/pt-pt\/wp-json\/wp\/v2\/product"}],"about":[{"href":"https:\/\/music-gift.eu\/pt-pt\/wp-json\/wp\/v2\/types\/product"}],"replies":[{"embeddable":true,"href":"https:\/\/music-gift.eu\/pt-pt\/wp-json\/wp\/v2\/comments?post=6668"}],"wp:featuredmedia":[{"embeddable":true,"href":"https:\/\/music-gift.eu\/pt-pt\/wp-json\/wp\/v2\/media\/9180"}],"wp:attachment":[{"href":"https:\/\/music-gift.eu\/pt-pt\/wp-json\/wp\/v2\/media?parent=6668"}],"wp:term":[{"taxonomy":"product_cat","embeddable":true,"href":"https:\/\/music-gift.eu\/pt-pt\/wp-json\/wp\/v2\/product_cat?post=6668"},{"taxonomy":"product_tag","embeddable":true,"href":"https:\/\/music-gift.eu\/pt-pt\/wp-json\/wp\/v2\/product_tag?post=6668"}],"curies":[{"name":"wp","href":"https:\/\/api.w.org\/{rel}","templated":true}]}}