{"id":6656,"date":"2019-04-10T08:25:27","date_gmt":"2019-04-10T07:25:27","guid":{"rendered":"http:\/\/music-gift.eu\/?post_type=product&#038;p=6656"},"modified":"2023-09-12T00:09:02","modified_gmt":"2023-09-11T23:09:02","slug":"lenco","status":"publish","type":"product","link":"https:\/\/music-gift.eu\/pt-pt\/product\/lenco\/","title":{"rendered":"Len\u00e7o | Nutcracker"},"content":{"rendered":"<p>O tecido em poli\u00e9ster proporciona a melhor qualidade de imagem e aguenta muitas idas \u00e0 m\u00e1quina de lavar. Lavar na m\u00e1quina, m\u00e1ximo 30\u00ba .<\/p>\n<p>Aten\u00e7\u00e3o: o produto pode n\u00e3o ser exactamente igual ao da foto. O tecido com m\u00fasica \u00e9 cortado de forma aleat\u00f3ria, pelo que os padr\u00f5es das pe\u00e7as ser\u00e3o todos diferentes.<\/p>\n<p>Design:\u00a0 MUSIC GIFT<br \/>\nFabricado em Portugal<\/p>\n<p>&nbsp;<\/p>\n","protected":false},"excerpt":{"rendered":"<p>Um len\u00e7o pr\u00e1tico, multifuncional e pode ser usado em todas as ocasi\u00f5es.<\/p>\n<p>dimens\u00f5es: 70 x 70 cm 100% polyester<\/p>\n","protected":false},"featured_media":14438,"comment_status":"open","ping_status":"closed","template":"","meta":[],"product_cat":[670],"product_tag":[629,462,770],"aioseo_notices":[],"_links":{"self":[{"href":"https:\/\/music-gift.eu\/pt-pt\/wp-json\/wp\/v2\/product\/6656"}],"collection":[{"href":"https:\/\/music-gift.eu\/pt-pt\/wp-json\/wp\/v2\/product"}],"about":[{"href":"https:\/\/music-gift.eu\/pt-pt\/wp-json\/wp\/v2\/types\/product"}],"replies":[{"embeddable":true,"href":"https:\/\/music-gift.eu\/pt-pt\/wp-json\/wp\/v2\/comments?post=6656"}],"wp:featuredmedia":[{"embeddable":true,"href":"https:\/\/music-gift.eu\/pt-pt\/wp-json\/wp\/v2\/media\/14438"}],"wp:attachment":[{"href":"https:\/\/music-gift.eu\/pt-pt\/wp-json\/wp\/v2\/media?parent=6656"}],"wp:term":[{"taxonomy":"product_cat","embeddable":true,"href":"https:\/\/music-gift.eu\/pt-pt\/wp-json\/wp\/v2\/product_cat?post=6656"},{"taxonomy":"product_tag","embeddable":true,"href":"https:\/\/music-gift.eu\/pt-pt\/wp-json\/wp\/v2\/product_tag?post=6656"}],"curies":[{"name":"wp","href":"https:\/\/api.w.org\/{rel}","templated":true}]}}