{"id":6646,"date":"2019-04-10T07:50:34","date_gmt":"2019-04-10T06:50:34","guid":{"rendered":"http:\/\/music-gift.eu\/?post_type=product&#038;p=6646"},"modified":"2023-09-28T22:55:23","modified_gmt":"2023-09-28T21:55:23","slug":"laco","status":"publish","type":"product","link":"https:\/\/music-gift.eu\/pt-pt\/product\/laco\/","title":{"rendered":"La\u00e7o"},"content":{"rendered":"<p>100% algod\u00e3o.<\/p>\n<p>Lavar \u00e0 m\u00e3o, em \u00e1gua fria.<\/p>\n<p>Aten\u00e7\u00e3o: o produto pode n\u00e3o ser exactamente igual ao da foto. O tecido com m\u00fasica \u00e9 cortado de forma aleat\u00f3ria, pelo que os padr\u00f5es das pe\u00e7as ser\u00e3o todos diferentes.<\/p>\n<p>Produzido em Portugal pela MUSIC GIFT.<\/p>\n<p>&nbsp;<\/p>\n<p>&nbsp;<\/p>\n","protected":false},"excerpt":{"rendered":"<p>Um la\u00e7o para todas as ocasi\u00f5es. Elegante, casual e adapt\u00e1vel.<\/p>\n<p>Dimens\u00f5es: 11,5 x 5 cm<\/p>\n","protected":false},"featured_media":8917,"comment_status":"open","ping_status":"closed","template":"","meta":[],"product_cat":[814,671],"product_tag":[628,462],"aioseo_notices":[],"_links":{"self":[{"href":"https:\/\/music-gift.eu\/pt-pt\/wp-json\/wp\/v2\/product\/6646"}],"collection":[{"href":"https:\/\/music-gift.eu\/pt-pt\/wp-json\/wp\/v2\/product"}],"about":[{"href":"https:\/\/music-gift.eu\/pt-pt\/wp-json\/wp\/v2\/types\/product"}],"replies":[{"embeddable":true,"href":"https:\/\/music-gift.eu\/pt-pt\/wp-json\/wp\/v2\/comments?post=6646"}],"wp:featuredmedia":[{"embeddable":true,"href":"https:\/\/music-gift.eu\/pt-pt\/wp-json\/wp\/v2\/media\/8917"}],"wp:attachment":[{"href":"https:\/\/music-gift.eu\/pt-pt\/wp-json\/wp\/v2\/media?parent=6646"}],"wp:term":[{"taxonomy":"product_cat","embeddable":true,"href":"https:\/\/music-gift.eu\/pt-pt\/wp-json\/wp\/v2\/product_cat?post=6646"},{"taxonomy":"product_tag","embeddable":true,"href":"https:\/\/music-gift.eu\/pt-pt\/wp-json\/wp\/v2\/product_tag?post=6646"}],"curies":[{"name":"wp","href":"https:\/\/api.w.org\/{rel}","templated":true}]}}