{"id":6624,"date":"2019-04-10T07:14:37","date_gmt":"2019-04-10T06:14:37","guid":{"rendered":"http:\/\/music-gift.eu\/?post_type=product&#038;p=6624"},"modified":"2025-09-02T18:12:13","modified_gmt":"2025-09-02T17:12:13","slug":"porta-chaves-beethoven","status":"publish","type":"product","link":"https:\/\/music-gift.eu\/pt-pt\/product\/porta-chaves-beethoven\/","title":{"rendered":"Porta-Chaves | Beethoven"},"content":{"rendered":"<p>Design: Laroca para MUSIC GIFT<br \/>\nFabricado em Portugal<\/p>\n<p>Lavar em \u00e1gua fria.<\/p>\n<p>Dimens\u00f5es: 9 x 5 cm. 100% algod\u00e3o<\/p>\n<p>&nbsp;<\/p>\n","protected":false},"excerpt":{"rendered":"<p>Beethoven, Ludwig Van (1770-1827)<\/p>\n<p>Porta-chaves em formato de boneco, impresso em pano com tintas \u00e0 base de \u00e1gua. Esta colec\u00e7\u00e3o de porta-chaves \u00e9 inspirada em tr\u00eas compositores Bach, Beethoven e Mozart.<\/p>\n<p>Produzido em Portugal pela MUSIC GIFT.<\/p>\n<p>&nbsp;<\/p>\n","protected":false},"featured_media":6628,"comment_status":"open","ping_status":"closed","template":"","meta":[],"product_cat":[743,627],"product_tag":[614,462,634],"aioseo_notices":[],"_links":{"self":[{"href":"https:\/\/music-gift.eu\/pt-pt\/wp-json\/wp\/v2\/product\/6624"}],"collection":[{"href":"https:\/\/music-gift.eu\/pt-pt\/wp-json\/wp\/v2\/product"}],"about":[{"href":"https:\/\/music-gift.eu\/pt-pt\/wp-json\/wp\/v2\/types\/product"}],"replies":[{"embeddable":true,"href":"https:\/\/music-gift.eu\/pt-pt\/wp-json\/wp\/v2\/comments?post=6624"}],"wp:featuredmedia":[{"embeddable":true,"href":"https:\/\/music-gift.eu\/pt-pt\/wp-json\/wp\/v2\/media\/6628"}],"wp:attachment":[{"href":"https:\/\/music-gift.eu\/pt-pt\/wp-json\/wp\/v2\/media?parent=6624"}],"wp:term":[{"taxonomy":"product_cat","embeddable":true,"href":"https:\/\/music-gift.eu\/pt-pt\/wp-json\/wp\/v2\/product_cat?post=6624"},{"taxonomy":"product_tag","embeddable":true,"href":"https:\/\/music-gift.eu\/pt-pt\/wp-json\/wp\/v2\/product_tag?post=6624"}],"curies":[{"name":"wp","href":"https:\/\/api.w.org\/{rel}","templated":true}]}}