{"id":6551,"date":"2019-03-27T22:13:10","date_gmt":"2019-03-27T21:13:10","guid":{"rendered":"http:\/\/music-gift.eu\/?post_type=product&#038;p=6551"},"modified":"2025-09-03T10:22:32","modified_gmt":"2025-09-03T09:22:32","slug":"t-shirt-mozart","status":"publish","type":"product","link":"https:\/\/music-gift.eu\/pt-pt\/product\/t-shirt-mozart\/","title":{"rendered":"T-shirt Mozart"},"content":{"rendered":"<p>100% algod\u00e3o |\u00a0cor: branca<\/p>\n<p>lav\u00e1vel na m\u00e1quina m\u00e1ximo 40 graus<\/p>\n","protected":false},"excerpt":{"rendered":"<p>Mozart,\u00a0Wolfgang Amadeus (1756-1791)<\/p>\n<p>T-shirt ilustrada, impressa em algod\u00e3o com tintas \u00e0 base de \u00e1gua. Esta colec\u00e7\u00e3o de t-shirts \u00e9 inspirada em tr\u00eas compositores: Bach, Beethoven e Mozart.<\/p>\n<p>Fabricado em Portugal pela MUSIC GIFT<\/p>\n","protected":false},"featured_media":9478,"comment_status":"open","ping_status":"closed","template":"","meta":[],"product_cat":[743,260],"product_tag":[553,462,580],"aioseo_notices":[],"_links":{"self":[{"href":"https:\/\/music-gift.eu\/pt-pt\/wp-json\/wp\/v2\/product\/6551"}],"collection":[{"href":"https:\/\/music-gift.eu\/pt-pt\/wp-json\/wp\/v2\/product"}],"about":[{"href":"https:\/\/music-gift.eu\/pt-pt\/wp-json\/wp\/v2\/types\/product"}],"replies":[{"embeddable":true,"href":"https:\/\/music-gift.eu\/pt-pt\/wp-json\/wp\/v2\/comments?post=6551"}],"wp:featuredmedia":[{"embeddable":true,"href":"https:\/\/music-gift.eu\/pt-pt\/wp-json\/wp\/v2\/media\/9478"}],"wp:attachment":[{"href":"https:\/\/music-gift.eu\/pt-pt\/wp-json\/wp\/v2\/media?parent=6551"}],"wp:term":[{"taxonomy":"product_cat","embeddable":true,"href":"https:\/\/music-gift.eu\/pt-pt\/wp-json\/wp\/v2\/product_cat?post=6551"},{"taxonomy":"product_tag","embeddable":true,"href":"https:\/\/music-gift.eu\/pt-pt\/wp-json\/wp\/v2\/product_tag?post=6551"}],"curies":[{"name":"wp","href":"https:\/\/api.w.org\/{rel}","templated":true}]}}