{"id":5992,"date":"2018-07-29T17:50:08","date_gmt":"2018-07-29T16:50:08","guid":{"rendered":"http:\/\/music-gift.eu\/?post_type=product&#038;p=5992"},"modified":"2023-09-28T23:53:54","modified_gmt":"2023-09-28T22:53:54","slug":"pack-koala-copia","status":"publish","type":"product","link":"https:\/\/music-gift.eu\/pt-pt\/product\/pack-koala-copia\/","title":{"rendered":"Conjunto Hidden Music"},"content":{"rendered":"","protected":false},"excerpt":{"rendered":"<p>Se voc\u00ea est\u00e1 \u00e0 procura de um presente especial, esperamos poder ajudar.<\/p>\n<p>Preparamos este conjunto, que \u00e9 composto por: pasta\/envelope A4, 1 caderno A5 (com linhas) Hidden Musica, 1 r\u00e9gua e 1 esferogr\u00e1fica clave de sol (branca), tinta azul<\/p>\n","protected":false},"featured_media":14100,"comment_status":"open","ping_status":"closed","template":"","meta":[],"product_cat":[524,741,803,812,814,810],"product_tag":[584,514],"aioseo_notices":[],"_links":{"self":[{"href":"https:\/\/music-gift.eu\/pt-pt\/wp-json\/wp\/v2\/product\/5992"}],"collection":[{"href":"https:\/\/music-gift.eu\/pt-pt\/wp-json\/wp\/v2\/product"}],"about":[{"href":"https:\/\/music-gift.eu\/pt-pt\/wp-json\/wp\/v2\/types\/product"}],"replies":[{"embeddable":true,"href":"https:\/\/music-gift.eu\/pt-pt\/wp-json\/wp\/v2\/comments?post=5992"}],"wp:featuredmedia":[{"embeddable":true,"href":"https:\/\/music-gift.eu\/pt-pt\/wp-json\/wp\/v2\/media\/14100"}],"wp:attachment":[{"href":"https:\/\/music-gift.eu\/pt-pt\/wp-json\/wp\/v2\/media?parent=5992"}],"wp:term":[{"taxonomy":"product_cat","embeddable":true,"href":"https:\/\/music-gift.eu\/pt-pt\/wp-json\/wp\/v2\/product_cat?post=5992"},{"taxonomy":"product_tag","embeddable":true,"href":"https:\/\/music-gift.eu\/pt-pt\/wp-json\/wp\/v2\/product_tag?post=5992"}],"curies":[{"name":"wp","href":"https:\/\/api.w.org\/{rel}","templated":true}]}}