{"id":5915,"date":"2018-05-28T15:27:29","date_gmt":"2018-05-28T14:27:29","guid":{"rendered":"http:\/\/music-gift.eu\/?post_type=product&#038;p=5915"},"modified":"2023-08-24T22:01:32","modified_gmt":"2023-08-24T21:01:32","slug":"scholar-business-laptop-backpack","status":"publish","type":"product","link":"https:\/\/music-gift.eu\/pt-pt\/product\/scholar-business-laptop-backpack\/","title":{"rendered":"Mochila escolar \/ computador"},"content":{"rendered":"<p>Design: MUSIC GIFT<br \/>\nFabricado em Portugal<\/p>\n<p>Aten\u00e7\u00e3o: o produto pode n\u00e3o ser exactamente igual ao da foto. O tecido com m\u00fasica \u00e9 cortado de forma aleat\u00f3ria, pelo que os padr\u00f5es das pe\u00e7as ser\u00e3o todos diferentes.<\/p>\n","protected":false},"excerpt":{"rendered":"<p>Esta mochila para computador (em nylon imperme\u00e1vel) \u00e9 suficientemente grande para os seus livros, o computador e todas os outros acess\u00f3rios que usa no dia-a-dia. Perfeita para manter o seu computador ou documentos secos em dias de chuva. Muito leve.<\/p>\n<p>As duas al\u00e7as de ombro ajust\u00e1veis garantem uma experi\u00eancia confort\u00e1vel.<\/p>\n<p>A mochila tem um fecho (com duas pegas) e um grande bolso acolchoado no interior, para proteger o seu computador. O bolso exterior em tecido de m\u00fasica, 100% algod\u00e3o imperme\u00e1vel.<\/p>\n<p>Dimens\u00f5es da mochila: 35 x 28 x 7,5 cm<br \/>\ncor: preta<\/p>\n","protected":false},"featured_media":8674,"comment_status":"open","ping_status":"closed","template":"","meta":[],"product_cat":[690,700],"product_tag":[571,570,462,356],"aioseo_notices":[],"_links":{"self":[{"href":"https:\/\/music-gift.eu\/pt-pt\/wp-json\/wp\/v2\/product\/5915"}],"collection":[{"href":"https:\/\/music-gift.eu\/pt-pt\/wp-json\/wp\/v2\/product"}],"about":[{"href":"https:\/\/music-gift.eu\/pt-pt\/wp-json\/wp\/v2\/types\/product"}],"replies":[{"embeddable":true,"href":"https:\/\/music-gift.eu\/pt-pt\/wp-json\/wp\/v2\/comments?post=5915"}],"wp:featuredmedia":[{"embeddable":true,"href":"https:\/\/music-gift.eu\/pt-pt\/wp-json\/wp\/v2\/media\/8674"}],"wp:attachment":[{"href":"https:\/\/music-gift.eu\/pt-pt\/wp-json\/wp\/v2\/media?parent=5915"}],"wp:term":[{"taxonomy":"product_cat","embeddable":true,"href":"https:\/\/music-gift.eu\/pt-pt\/wp-json\/wp\/v2\/product_cat?post=5915"},{"taxonomy":"product_tag","embeddable":true,"href":"https:\/\/music-gift.eu\/pt-pt\/wp-json\/wp\/v2\/product_tag?post=5915"}],"curies":[{"name":"wp","href":"https:\/\/api.w.org\/{rel}","templated":true}]}}