{"id":5818,"date":"2018-04-26T17:15:16","date_gmt":"2018-04-26T16:15:16","guid":{"rendered":"http:\/\/music-gift.eu\/pt-pt\/loja\/escritorio-economato\/lapis-piano-copy\/"},"modified":"2024-09-17T11:41:07","modified_gmt":"2024-09-17T10:41:07","slug":"lapis-piano-copy","status":"publish","type":"product","link":"https:\/\/music-gift.eu\/pt-pt\/product\/lapis-piano-copy\/","title":{"rendered":"L\u00e1pis piano com borracha"},"content":{"rendered":"<p>Fabricado em Portugal<\/p>\n","protected":false},"excerpt":{"rendered":"<p>Dimens\u00f5es: \u219419cm \u00d86,9mm<br \/>\nL\u00e1pis: madeira preta impresso a branco<br \/>\nBorracha: preta<\/p>\n<p>Fabricado em Portugal pela Viarco (\u00fanica f\u00e1brica de l\u00e1pis da Pen\u00ednsula Ib\u00e9rica)<\/p>\n","protected":false},"featured_media":10195,"comment_status":"open","ping_status":"closed","template":"","meta":[],"product_cat":[279],"product_tag":[291,541,556,557,555],"aioseo_notices":[],"_links":{"self":[{"href":"https:\/\/music-gift.eu\/pt-pt\/wp-json\/wp\/v2\/product\/5818"}],"collection":[{"href":"https:\/\/music-gift.eu\/pt-pt\/wp-json\/wp\/v2\/product"}],"about":[{"href":"https:\/\/music-gift.eu\/pt-pt\/wp-json\/wp\/v2\/types\/product"}],"replies":[{"embeddable":true,"href":"https:\/\/music-gift.eu\/pt-pt\/wp-json\/wp\/v2\/comments?post=5818"}],"wp:featuredmedia":[{"embeddable":true,"href":"https:\/\/music-gift.eu\/pt-pt\/wp-json\/wp\/v2\/media\/10195"}],"wp:attachment":[{"href":"https:\/\/music-gift.eu\/pt-pt\/wp-json\/wp\/v2\/media?parent=5818"}],"wp:term":[{"taxonomy":"product_cat","embeddable":true,"href":"https:\/\/music-gift.eu\/pt-pt\/wp-json\/wp\/v2\/product_cat?post=5818"},{"taxonomy":"product_tag","embeddable":true,"href":"https:\/\/music-gift.eu\/pt-pt\/wp-json\/wp\/v2\/product_tag?post=5818"}],"curies":[{"name":"wp","href":"https:\/\/api.w.org\/{rel}","templated":true}]}}