{"id":5613,"date":"2018-04-07T14:27:05","date_gmt":"2018-04-07T13:27:05","guid":{"rendered":"http:\/\/music-gift.eu\/pt-pt\/loja\/roupa-acessorios\/bolsa-de-talheres-copy\/"},"modified":"2023-04-24T11:45:59","modified_gmt":"2023-04-24T10:45:59","slug":"bolsa-de-talheres-copy","status":"publish","type":"product","link":"https:\/\/music-gift.eu\/pt-pt\/product\/bolsa-de-talheres-copy\/","title":{"rendered":"Lancheira imperme\u00e1vel | Le Chef"},"content":{"rendered":"<p>Design: Carla Pontes by Music Gift<br \/>\nFabricado em Portugal<br \/>\nAten\u00e7\u00e3o: o produto pode n\u00e3o ser exactamente igual ao da foto. O tecido com m\u00fasica \u00e9 cortado de forma aleat\u00f3ria, pelo que os padr\u00f5es das pe\u00e7as ser\u00e3o todos diferentes.<\/p>\n","protected":false},"excerpt":{"rendered":"<p>Fazer. Embalar. Comer<\/p>\n<p>Todos n\u00f3s crescemos, mas existem algumas coisas que devemos manter. Ter uma lancheira \u00e9 uma delas. Leve a sua refei\u00e7\u00e3o numa destas lancheiras, muito resistentes e reutiliz\u00e1veis.<\/p>\n<p>Cada lancheira \u00e9 feita com uma lona de algod\u00e3o imperme\u00e1vel.<br \/>\nDimens\u00f5es: 31 x 28 x 14<br \/>\nLav\u00e1vel na m\u00e1quina<br \/>\nCor: cinzenta<\/p>\n","protected":false},"featured_media":12456,"comment_status":"open","ping_status":"closed","template":"","meta":[],"product_cat":[760,737,700],"product_tag":[496,356],"aioseo_notices":[],"_links":{"self":[{"href":"https:\/\/music-gift.eu\/pt-pt\/wp-json\/wp\/v2\/product\/5613"}],"collection":[{"href":"https:\/\/music-gift.eu\/pt-pt\/wp-json\/wp\/v2\/product"}],"about":[{"href":"https:\/\/music-gift.eu\/pt-pt\/wp-json\/wp\/v2\/types\/product"}],"replies":[{"embeddable":true,"href":"https:\/\/music-gift.eu\/pt-pt\/wp-json\/wp\/v2\/comments?post=5613"}],"wp:featuredmedia":[{"embeddable":true,"href":"https:\/\/music-gift.eu\/pt-pt\/wp-json\/wp\/v2\/media\/12456"}],"wp:attachment":[{"href":"https:\/\/music-gift.eu\/pt-pt\/wp-json\/wp\/v2\/media?parent=5613"}],"wp:term":[{"taxonomy":"product_cat","embeddable":true,"href":"https:\/\/music-gift.eu\/pt-pt\/wp-json\/wp\/v2\/product_cat?post=5613"},{"taxonomy":"product_tag","embeddable":true,"href":"https:\/\/music-gift.eu\/pt-pt\/wp-json\/wp\/v2\/product_tag?post=5613"}],"curies":[{"name":"wp","href":"https:\/\/api.w.org\/{rel}","templated":true}]}}