{"id":5605,"date":"2018-04-07T14:15:57","date_gmt":"2018-04-07T13:15:57","guid":{"rendered":"http:\/\/music-gift.eu\/pt-pt\/loja\/cozinha\/individual-de-mesa-copy\/"},"modified":"2025-11-25T15:59:26","modified_gmt":"2025-11-25T14:59:26","slug":"individual-de-mesa-copy","status":"publish","type":"product","link":"https:\/\/music-gift.eu\/pt-pt\/product\/individual-de-mesa-copy\/","title":{"rendered":"Individual de mesa | Le Chef"},"content":{"rendered":"<p>Aten\u00e7\u00e3o: o produto pode n\u00e3o ser exactamente igual ao da foto. O tecido com m\u00fasica \u00e9 cortado de forma aleat\u00f3ria, pelo que os padr\u00f5es das pe\u00e7as ser\u00e3o todos diferentes.<\/p>\n","protected":false},"excerpt":{"rendered":"<p>Tecido 100% algod\u00e3o<br \/>\nDimens\u00f5es: 51 x 54 cm<br \/>\ncor: cinzenta<br \/>\nlav\u00e1vel na m\u00e1quina<\/p>\n<p>Design: Carla Ponte by Music Gift<br \/>\nFabricado em Portugal<\/p>\n","protected":false},"featured_media":9885,"comment_status":"open","ping_status":"closed","template":"","meta":[],"product_cat":[645,737],"product_tag":[379,678,381],"aioseo_notices":[],"_links":{"self":[{"href":"https:\/\/music-gift.eu\/pt-pt\/wp-json\/wp\/v2\/product\/5605"}],"collection":[{"href":"https:\/\/music-gift.eu\/pt-pt\/wp-json\/wp\/v2\/product"}],"about":[{"href":"https:\/\/music-gift.eu\/pt-pt\/wp-json\/wp\/v2\/types\/product"}],"replies":[{"embeddable":true,"href":"https:\/\/music-gift.eu\/pt-pt\/wp-json\/wp\/v2\/comments?post=5605"}],"wp:featuredmedia":[{"embeddable":true,"href":"https:\/\/music-gift.eu\/pt-pt\/wp-json\/wp\/v2\/media\/9885"}],"wp:attachment":[{"href":"https:\/\/music-gift.eu\/pt-pt\/wp-json\/wp\/v2\/media?parent=5605"}],"wp:term":[{"taxonomy":"product_cat","embeddable":true,"href":"https:\/\/music-gift.eu\/pt-pt\/wp-json\/wp\/v2\/product_cat?post=5605"},{"taxonomy":"product_tag","embeddable":true,"href":"https:\/\/music-gift.eu\/pt-pt\/wp-json\/wp\/v2\/product_tag?post=5605"}],"curies":[{"name":"wp","href":"https:\/\/api.w.org\/{rel}","templated":true}]}}