{"id":5580,"date":"2018-04-07T13:32:39","date_gmt":"2018-04-07T12:32:39","guid":{"rendered":"http:\/\/music-gift.eu\/pt-pt\/loja\/cozinha\/avental-copy-2\/"},"modified":"2023-09-13T13:02:08","modified_gmt":"2023-09-13T12:02:08","slug":"avental-copy-2","status":"publish","type":"product","link":"https:\/\/music-gift.eu\/pt-pt\/product\/avental-copy-2\/","title":{"rendered":"Avental | Le Chef"},"content":{"rendered":"<p>Aten\u00e7\u00e3o: o produto pode n\u00e3o ser exactamente igual ao da foto. O tecido com m\u00fasica \u00e9 cortado de forma aleat\u00f3ria, pelo que os padr\u00f5es das pe\u00e7as ser\u00e3o todos diferentes<\/p>\n","protected":false},"excerpt":{"rendered":"<p>Tecido 100% algod\u00e3o<\/p>\n<p>Dimens\u00f5es: altura: 88 cm (ajust\u00e1vel) | largura: 80 cm (ajust\u00e1vel)<br \/>\nA al\u00e7a do avental \u00e9 ajust\u00e1vel.<br \/>\nLav\u00e1vel na m\u00e1quina<\/p>\n<p>Design: Carla Pontes exclusivo para a Music Gift<br \/>\nFabricado em Portugal<\/p>\n","protected":false},"featured_media":8946,"comment_status":"open","ping_status":"closed","template":"","meta":[],"product_cat":[647,737],"product_tag":[477,379,756],"aioseo_notices":[],"_links":{"self":[{"href":"https:\/\/music-gift.eu\/pt-pt\/wp-json\/wp\/v2\/product\/5580"}],"collection":[{"href":"https:\/\/music-gift.eu\/pt-pt\/wp-json\/wp\/v2\/product"}],"about":[{"href":"https:\/\/music-gift.eu\/pt-pt\/wp-json\/wp\/v2\/types\/product"}],"replies":[{"embeddable":true,"href":"https:\/\/music-gift.eu\/pt-pt\/wp-json\/wp\/v2\/comments?post=5580"}],"wp:featuredmedia":[{"embeddable":true,"href":"https:\/\/music-gift.eu\/pt-pt\/wp-json\/wp\/v2\/media\/8946"}],"wp:attachment":[{"href":"https:\/\/music-gift.eu\/pt-pt\/wp-json\/wp\/v2\/media?parent=5580"}],"wp:term":[{"taxonomy":"product_cat","embeddable":true,"href":"https:\/\/music-gift.eu\/pt-pt\/wp-json\/wp\/v2\/product_cat?post=5580"},{"taxonomy":"product_tag","embeddable":true,"href":"https:\/\/music-gift.eu\/pt-pt\/wp-json\/wp\/v2\/product_tag?post=5580"}],"curies":[{"name":"wp","href":"https:\/\/api.w.org\/{rel}","templated":true}]}}