{"id":5380,"date":"2020-01-24T18:35:01","date_gmt":"2020-01-24T17:35:01","guid":{"rendered":"http:\/\/music-gift.eu\/pt-pt\/loja\/roupa-acessorios\/saco-violino-copy\/"},"modified":"2023-08-24T18:27:50","modified_gmt":"2023-08-24T17:27:50","slug":"saco-violino-copy","status":"publish","type":"product","link":"https:\/\/music-gift.eu\/pt-pt\/product\/saco-violino-copy\/","title":{"rendered":"Saco &#8211; Fagote"},"content":{"rendered":"<p>Fabricado em Portugal pela MUSIC GIFT<\/p>\n<p>ATEN\u00c7\u00c3O: o estojo \u00e9 vendido \u00e0 parte.<\/p>\n","protected":false},"excerpt":{"rendered":"<p>Saco em nylon imperme\u00e1vel e muito resistente. Com um bolsa interior. Fecha com um \u00edman.<\/p>\n<p>Dimens\u00f5es: 33 x 33 x 13 cm<\/p>\n","protected":false},"featured_media":10454,"comment_status":"open","ping_status":"closed","template":"","meta":[],"product_cat":[753,692,700],"product_tag":[705,704],"aioseo_notices":[],"_links":{"self":[{"href":"https:\/\/music-gift.eu\/pt-pt\/wp-json\/wp\/v2\/product\/5380"}],"collection":[{"href":"https:\/\/music-gift.eu\/pt-pt\/wp-json\/wp\/v2\/product"}],"about":[{"href":"https:\/\/music-gift.eu\/pt-pt\/wp-json\/wp\/v2\/types\/product"}],"replies":[{"embeddable":true,"href":"https:\/\/music-gift.eu\/pt-pt\/wp-json\/wp\/v2\/comments?post=5380"}],"wp:featuredmedia":[{"embeddable":true,"href":"https:\/\/music-gift.eu\/pt-pt\/wp-json\/wp\/v2\/media\/10454"}],"wp:attachment":[{"href":"https:\/\/music-gift.eu\/pt-pt\/wp-json\/wp\/v2\/media?parent=5380"}],"wp:term":[{"taxonomy":"product_cat","embeddable":true,"href":"https:\/\/music-gift.eu\/pt-pt\/wp-json\/wp\/v2\/product_cat?post=5380"},{"taxonomy":"product_tag","embeddable":true,"href":"https:\/\/music-gift.eu\/pt-pt\/wp-json\/wp\/v2\/product_tag?post=5380"}],"curies":[{"name":"wp","href":"https:\/\/api.w.org\/{rel}","templated":true}]}}