{"id":5017,"date":"2017-04-26T12:00:18","date_gmt":"2017-04-26T11:00:18","guid":{"rendered":"http:\/\/music-gift.eu\/pt-pt\/?post_type=product&#038;p=5017"},"modified":"2023-09-20T16:46:05","modified_gmt":"2023-09-20T15:46:05","slug":"caneca-water-music-em-lata","status":"publish","type":"product","link":"https:\/\/music-gift.eu\/pt-pt\/product\/caneca-water-music-em-lata\/","title":{"rendered":"Caneca Water Music, em lata"},"content":{"rendered":"<p>Esta caneca e respectiva lata s\u00e3o o presente perfeito!<\/p>\n<p>A caneca \u00e9 em fina porcelana e impressa em azul cobalto. A lata est\u00e1 preparada para armazenar alimentos.<\/p>\n<p>&nbsp;<\/p>\n<p>Caneca: pode ser usada no microndas e \u00e9 lav\u00e1vel na m\u00e1quina<\/p>\n<p>caneca: \u00d8 9 x10 cm (height) | 40 cl<\/p>\n<p>lata:\u00a0\u00d8 14\u00a0x12 cm (height)<\/p>\n","protected":false},"excerpt":{"rendered":"<p>Esta caneca e respectiva lata s\u00e3o o presente perfeito! A caneca \u00e9 em fina porcelana e impressa em azul cobalto. A lata est\u00e1 preparada para armazenar alimentos. &nbsp; Caneca: pode ser usada no microndas e \u00e9 lav\u00e1vel na m\u00e1quina caneca: \u00d8 9 x10 cm (height) | 40 cl lata:\u00a0\u00d8 14\u00a0x12 cm (height)<\/p>\n","protected":false},"featured_media":13124,"comment_status":"open","ping_status":"closed","template":"","meta":[],"product_cat":[950,269],"product_tag":[487,489,488],"aioseo_notices":[],"_links":{"self":[{"href":"https:\/\/music-gift.eu\/pt-pt\/wp-json\/wp\/v2\/product\/5017"}],"collection":[{"href":"https:\/\/music-gift.eu\/pt-pt\/wp-json\/wp\/v2\/product"}],"about":[{"href":"https:\/\/music-gift.eu\/pt-pt\/wp-json\/wp\/v2\/types\/product"}],"replies":[{"embeddable":true,"href":"https:\/\/music-gift.eu\/pt-pt\/wp-json\/wp\/v2\/comments?post=5017"}],"wp:featuredmedia":[{"embeddable":true,"href":"https:\/\/music-gift.eu\/pt-pt\/wp-json\/wp\/v2\/media\/13124"}],"wp:attachment":[{"href":"https:\/\/music-gift.eu\/pt-pt\/wp-json\/wp\/v2\/media?parent=5017"}],"wp:term":[{"taxonomy":"product_cat","embeddable":true,"href":"https:\/\/music-gift.eu\/pt-pt\/wp-json\/wp\/v2\/product_cat?post=5017"},{"taxonomy":"product_tag","embeddable":true,"href":"https:\/\/music-gift.eu\/pt-pt\/wp-json\/wp\/v2\/product_tag?post=5017"}],"curies":[{"name":"wp","href":"https:\/\/api.w.org\/{rel}","templated":true}]}}