{"id":4841,"date":"2017-02-11T16:35:38","date_gmt":"2017-02-11T15:35:38","guid":{"rendered":"http:\/\/music-gift.eu\/pt-pt\/loja\/quarto-banho\/coracao-de-alfazema-copy-2\/"},"modified":"2021-01-05T17:08:55","modified_gmt":"2021-01-05T16:08:55","slug":"capa-de-cabide-com-lavanda","status":"publish","type":"product","link":"https:\/\/music-gift.eu\/pt-pt\/product\/capa-de-cabide-com-lavanda\/","title":{"rendered":"Capa com lavanda para cabide"},"content":{"rendered":"<p>100% algod\u00e3o. Lav\u00e1vel na m\u00e1quina.<\/p>\n<p>O produto pode n\u00e3o ser exactamente igual ao da foto<\/p>\n<p>Fabricado em Portugal<\/p>\n<p>&nbsp;<\/p>\n","protected":false},"excerpt":{"rendered":"<p>Proteja as roupas delicadas, como malhas, l\u00e3 e rendas do cabide. O algod\u00e3o e a janela ajudam a liberar o aroma de alfazema. Adapta-se a qualquer cabide padr\u00e3o.<\/p>\n<p>dimens\u00f5es: 44 cm\u00a0\u00a0x 18 cm<\/p>\n<p>Cabide n\u00e3o inclu\u00eddo.<\/p>\n<p>Enchimento: alfazema<\/p>\n","protected":false},"featured_media":7312,"comment_status":"open","ping_status":"closed","template":"","meta":[],"product_cat":[787],"product_tag":[728,380],"aioseo_notices":[],"_links":{"self":[{"href":"https:\/\/music-gift.eu\/pt-pt\/wp-json\/wp\/v2\/product\/4841"}],"collection":[{"href":"https:\/\/music-gift.eu\/pt-pt\/wp-json\/wp\/v2\/product"}],"about":[{"href":"https:\/\/music-gift.eu\/pt-pt\/wp-json\/wp\/v2\/types\/product"}],"replies":[{"embeddable":true,"href":"https:\/\/music-gift.eu\/pt-pt\/wp-json\/wp\/v2\/comments?post=4841"}],"wp:featuredmedia":[{"embeddable":true,"href":"https:\/\/music-gift.eu\/pt-pt\/wp-json\/wp\/v2\/media\/7312"}],"wp:attachment":[{"href":"https:\/\/music-gift.eu\/pt-pt\/wp-json\/wp\/v2\/media?parent=4841"}],"wp:term":[{"taxonomy":"product_cat","embeddable":true,"href":"https:\/\/music-gift.eu\/pt-pt\/wp-json\/wp\/v2\/product_cat?post=4841"},{"taxonomy":"product_tag","embeddable":true,"href":"https:\/\/music-gift.eu\/pt-pt\/wp-json\/wp\/v2\/product_tag?post=4841"}],"curies":[{"name":"wp","href":"https:\/\/api.w.org\/{rel}","templated":true}]}}