{"id":4708,"date":"2014-02-26T18:28:04","date_gmt":"2014-02-26T17:28:04","guid":{"rendered":"http:\/\/music-gift.eu\/pt-pt\/?post_type=product&#038;p=4708"},"modified":"2026-04-01T00:00:06","modified_gmt":"2026-03-31T23:00:06","slug":"caixa-de-papel-maestro","status":"publish","type":"product","link":"https:\/\/music-gift.eu\/pt-pt\/product\/caixa-de-papel-maestro\/","title":{"rendered":"Caixa de papel Maestro (500 folhas)"},"content":{"rendered":"","protected":false},"excerpt":{"rendered":"<p>Caixa de papel (65 x 85 x 65 mm) | 500 folhas de cor branca<\/p>\n<p>Promo\u00e7\u00e3o v\u00e1lida de 05-01 a 31-03, limitada ao stock existente.<\/p>\n","protected":false},"featured_media":14649,"comment_status":"open","ping_status":"closed","template":"","meta":[],"product_cat":[280,281,528],"product_tag":[],"aioseo_notices":[],"_links":{"self":[{"href":"https:\/\/music-gift.eu\/pt-pt\/wp-json\/wp\/v2\/product\/4708"}],"collection":[{"href":"https:\/\/music-gift.eu\/pt-pt\/wp-json\/wp\/v2\/product"}],"about":[{"href":"https:\/\/music-gift.eu\/pt-pt\/wp-json\/wp\/v2\/types\/product"}],"replies":[{"embeddable":true,"href":"https:\/\/music-gift.eu\/pt-pt\/wp-json\/wp\/v2\/comments?post=4708"}],"wp:featuredmedia":[{"embeddable":true,"href":"https:\/\/music-gift.eu\/pt-pt\/wp-json\/wp\/v2\/media\/14649"}],"wp:attachment":[{"href":"https:\/\/music-gift.eu\/pt-pt\/wp-json\/wp\/v2\/media?parent=4708"}],"wp:term":[{"taxonomy":"product_cat","embeddable":true,"href":"https:\/\/music-gift.eu\/pt-pt\/wp-json\/wp\/v2\/product_cat?post=4708"},{"taxonomy":"product_tag","embeddable":true,"href":"https:\/\/music-gift.eu\/pt-pt\/wp-json\/wp\/v2\/product_tag?post=4708"}],"curies":[{"name":"wp","href":"https:\/\/api.w.org\/{rel}","templated":true}]}}