{"id":4704,"date":"2014-02-26T18:34:08","date_gmt":"2014-02-26T17:34:08","guid":{"rendered":"http:\/\/music-gift.eu\/pt-pt\/?post_type=product&#038;p=4704"},"modified":"2024-11-10T00:00:05","modified_gmt":"2024-11-09T23:00:05","slug":"marcador-magnetico-st-cecilia","status":"publish","type":"product","link":"https:\/\/music-gift.eu\/pt-pt\/product\/marcador-magnetico-st-cecilia\/","title":{"rendered":"Marcador magn\u00e9tico St. Cecilia"},"content":{"rendered":"","protected":false},"excerpt":{"rendered":"<p>marcador para livros com magneto\u00a0| 60 x 25 mm<\/p>\n<p>Promo\u00e7\u00e3o v\u00e1lida de 21-10-2024 a 09-11-2024<\/p>\n","protected":false},"featured_media":12850,"comment_status":"open","ping_status":"closed","template":"","meta":[],"product_cat":[275],"product_tag":[585,703],"aioseo_notices":[],"_links":{"self":[{"href":"https:\/\/music-gift.eu\/pt-pt\/wp-json\/wp\/v2\/product\/4704"}],"collection":[{"href":"https:\/\/music-gift.eu\/pt-pt\/wp-json\/wp\/v2\/product"}],"about":[{"href":"https:\/\/music-gift.eu\/pt-pt\/wp-json\/wp\/v2\/types\/product"}],"replies":[{"embeddable":true,"href":"https:\/\/music-gift.eu\/pt-pt\/wp-json\/wp\/v2\/comments?post=4704"}],"wp:featuredmedia":[{"embeddable":true,"href":"https:\/\/music-gift.eu\/pt-pt\/wp-json\/wp\/v2\/media\/12850"}],"wp:attachment":[{"href":"https:\/\/music-gift.eu\/pt-pt\/wp-json\/wp\/v2\/media?parent=4704"}],"wp:term":[{"taxonomy":"product_cat","embeddable":true,"href":"https:\/\/music-gift.eu\/pt-pt\/wp-json\/wp\/v2\/product_cat?post=4704"},{"taxonomy":"product_tag","embeddable":true,"href":"https:\/\/music-gift.eu\/pt-pt\/wp-json\/wp\/v2\/product_tag?post=4704"}],"curies":[{"name":"wp","href":"https:\/\/api.w.org\/{rel}","templated":true}]}}