{"id":4379,"date":"2025-09-02T08:35:42","date_gmt":"2025-09-02T07:35:42","guid":{"rendered":"http:\/\/music-gift.eu\/pt-pt\/?post_type=product&#038;p=4379"},"modified":"2026-01-12T15:53:25","modified_gmt":"2026-01-12T14:53:25","slug":"caderno-de-musica-a4","status":"publish","type":"product","link":"https:\/\/music-gift.eu\/pt-pt\/product\/caderno-de-musica-a4\/","title":{"rendered":"Caderno de m\u00fasica A4"},"content":{"rendered":"<p>Capa: cartolina preta com 240 gr<\/p>\n<p>Interior: papel branco com 80 gr.<\/p>\n<p>Fabricado em Portugal pela MUSIC GIFT<\/p>\n<p>&nbsp;<\/p>\n<p><span style=\"color: #000000; font-family: Trebuchet MS; font-size: medium;\">05600300280123<\/span><\/p>\n","protected":false},"excerpt":{"rendered":"<p>dimens\u00f5es: A4 (21 x 29,5 cm) | 20 folhas, 40 p\u00e1ginas | 10 sistemas (pautas) e 7 linhas para escrever.<\/p>\n<p>A costura (em linha de algod\u00e3o vermelha) \u00a0\u00e9 feita \u00e0 m\u00e3o pelo que podem existir algumas diferen\u00e7as entre os cadernos.<\/p>\n<p>&nbsp;<\/p>\n","protected":false},"featured_media":14668,"comment_status":"open","ping_status":"closed","template":"","meta":[],"product_cat":[280],"product_tag":[462],"aioseo_notices":[],"_links":{"self":[{"href":"https:\/\/music-gift.eu\/pt-pt\/wp-json\/wp\/v2\/product\/4379"}],"collection":[{"href":"https:\/\/music-gift.eu\/pt-pt\/wp-json\/wp\/v2\/product"}],"about":[{"href":"https:\/\/music-gift.eu\/pt-pt\/wp-json\/wp\/v2\/types\/product"}],"replies":[{"embeddable":true,"href":"https:\/\/music-gift.eu\/pt-pt\/wp-json\/wp\/v2\/comments?post=4379"}],"wp:featuredmedia":[{"embeddable":true,"href":"https:\/\/music-gift.eu\/pt-pt\/wp-json\/wp\/v2\/media\/14668"}],"wp:attachment":[{"href":"https:\/\/music-gift.eu\/pt-pt\/wp-json\/wp\/v2\/media?parent=4379"}],"wp:term":[{"taxonomy":"product_cat","embeddable":true,"href":"https:\/\/music-gift.eu\/pt-pt\/wp-json\/wp\/v2\/product_cat?post=4379"},{"taxonomy":"product_tag","embeddable":true,"href":"https:\/\/music-gift.eu\/pt-pt\/wp-json\/wp\/v2\/product_tag?post=4379"}],"curies":[{"name":"wp","href":"https:\/\/api.w.org\/{rel}","templated":true}]}}