{"id":4224,"date":"2016-04-14T15:16:35","date_gmt":"2016-04-14T14:16:35","guid":{"rendered":"http:\/\/music-gift.eu\/pt-pt\/shop\/uncategorized\/green-symphony-tea\/"},"modified":"2025-07-07T17:03:25","modified_gmt":"2025-07-07T16:03:25","slug":"green-symphony-tea","status":"publish","type":"product","link":"https:\/\/music-gift.eu\/pt-pt\/product\/green-symphony-tea\/","title":{"rendered":"Green Symphony Tea"},"content":{"rendered":"<p>quantidade de\u00a0ch\u00e1: 50 gr<\/p>\n<p>Prepara\u00e7\u00e3o:Depois de ferver a \u00e1gua, adicione a erva do ch\u00e1 e abafe com uma tampa por 5 minutos para a infus\u00e3o descansar.<\/p>\n<p>Ingredientes:<br \/>\nTe\u00edna 24,2%, Prote\u00edna 21,9%, Amido 11,5%, Tanino 7%, A\u00e7\u00facar 4%<\/p>\n","protected":false},"excerpt":{"rendered":"<p>A MUSIC GIFT, na sua \u00e1rea dedicada aos produtos gourmet, vai passar a comercializar, sob embalamento e designa\u00e7\u00e3o pr\u00f3prias, o excelente ch\u00e1 produzido nas PLANTA\u00c7\u00d5ES DE CH\u00c1 GORREANA &#8211; a mais antiga, e atualmente \u00fanica, planta\u00e7\u00e3o de ch\u00e1 na Europa. Este ch\u00e1 \u00e9 um produto ecol\u00f3gico, livre de pesticidas, herbicidas e fungicidas.<br \/>\nDesde a ilha de S\u00e3o Miguel, nos A\u00e7ores | Portugal, nas vers\u00f5es de ch\u00e1 preto (Black Suite) e ch\u00e1 verde (Green Symphony), desfrute de um excelente ch\u00e1\u2026 com um aroma musical.<\/p>\n<p>Produzido com carinho a partir de Portugal pelo\u00a0mais antigo produtor de ch\u00e1 da Europa!<\/p>\n<p>&nbsp;<\/p>\n","protected":false},"featured_media":9895,"comment_status":"open","ping_status":"closed","template":"","meta":[],"product_cat":[666],"product_tag":[361,733,345],"aioseo_notices":[],"_links":{"self":[{"href":"https:\/\/music-gift.eu\/pt-pt\/wp-json\/wp\/v2\/product\/4224"}],"collection":[{"href":"https:\/\/music-gift.eu\/pt-pt\/wp-json\/wp\/v2\/product"}],"about":[{"href":"https:\/\/music-gift.eu\/pt-pt\/wp-json\/wp\/v2\/types\/product"}],"replies":[{"embeddable":true,"href":"https:\/\/music-gift.eu\/pt-pt\/wp-json\/wp\/v2\/comments?post=4224"}],"wp:featuredmedia":[{"embeddable":true,"href":"https:\/\/music-gift.eu\/pt-pt\/wp-json\/wp\/v2\/media\/9895"}],"wp:attachment":[{"href":"https:\/\/music-gift.eu\/pt-pt\/wp-json\/wp\/v2\/media?parent=4224"}],"wp:term":[{"taxonomy":"product_cat","embeddable":true,"href":"https:\/\/music-gift.eu\/pt-pt\/wp-json\/wp\/v2\/product_cat?post=4224"},{"taxonomy":"product_tag","embeddable":true,"href":"https:\/\/music-gift.eu\/pt-pt\/wp-json\/wp\/v2\/product_tag?post=4224"}],"curies":[{"name":"wp","href":"https:\/\/api.w.org\/{rel}","templated":true}]}}