{"id":3825,"date":"2013-08-26T17:55:45","date_gmt":"2013-08-26T16:55:45","guid":{"rendered":"http:\/\/music-gift.eu\/shop\/uncategorized\/lapis-com-iman-darezzo\/"},"modified":"2023-09-17T22:31:29","modified_gmt":"2023-09-17T21:31:29","slug":"lapis-com-iman-darezzo","status":"publish","type":"product","link":"https:\/\/music-gift.eu\/pt-pt\/product\/lapis-com-iman-darezzo\/","title":{"rendered":"l\u00e1pis com iman &#8211; D&#8217;Arezzo"},"content":{"rendered":"<p>l\u00e1pis com iman e com o hino de Guido D&#8217;Arezzo &#8211; ut queant laxis<\/p>\n","protected":false},"excerpt":{"rendered":"<p>l\u00e1pis muito pr\u00e1tico. O iman fixa o l\u00e1pis .. \u00e0s estantes, por exemplo.<\/p>\n<p>Dimens\u00f5ess: \u219418cm\u00a0 \u00d86,9mm<\/p>\n<p>cor: preta<\/p>\n","protected":false},"featured_media":3826,"comment_status":"open","ping_status":"closed","template":"","meta":[],"product_cat":[279,598],"product_tag":[290,541],"aioseo_notices":[],"_links":{"self":[{"href":"https:\/\/music-gift.eu\/pt-pt\/wp-json\/wp\/v2\/product\/3825"}],"collection":[{"href":"https:\/\/music-gift.eu\/pt-pt\/wp-json\/wp\/v2\/product"}],"about":[{"href":"https:\/\/music-gift.eu\/pt-pt\/wp-json\/wp\/v2\/types\/product"}],"replies":[{"embeddable":true,"href":"https:\/\/music-gift.eu\/pt-pt\/wp-json\/wp\/v2\/comments?post=3825"}],"wp:featuredmedia":[{"embeddable":true,"href":"https:\/\/music-gift.eu\/pt-pt\/wp-json\/wp\/v2\/media\/3826"}],"wp:attachment":[{"href":"https:\/\/music-gift.eu\/pt-pt\/wp-json\/wp\/v2\/media?parent=3825"}],"wp:term":[{"taxonomy":"product_cat","embeddable":true,"href":"https:\/\/music-gift.eu\/pt-pt\/wp-json\/wp\/v2\/product_cat?post=3825"},{"taxonomy":"product_tag","embeddable":true,"href":"https:\/\/music-gift.eu\/pt-pt\/wp-json\/wp\/v2\/product_tag?post=3825"}],"curies":[{"name":"wp","href":"https:\/\/api.w.org\/{rel}","templated":true}]}}