{"id":3822,"date":"2013-08-26T17:57:23","date_gmt":"2013-08-26T16:57:23","guid":{"rendered":"http:\/\/music-gift.eu\/shop\/uncategorized\/lapis-com-iman-instrumentos\/"},"modified":"2023-09-17T22:35:11","modified_gmt":"2023-09-17T21:35:11","slug":"lapis-com-iman-instrumentos","status":"publish","type":"product","link":"https:\/\/music-gift.eu\/pt-pt\/product\/lapis-com-iman-instrumentos\/","title":{"rendered":"L\u00e1pis com \u00edman &#8211; instrumentos"},"content":{"rendered":"<p>L\u00e1pis com iman e instrumentos diversos ( piano, bateria, trompete, contrabaixo, guitarra, flauta)<\/p>\n<p>Dimens\u00f5ess: \u219418cm \u00d86,9mm |<\/p>\n<p>Cor: cinza<\/p>\n","protected":false},"excerpt":{"rendered":"<p>l\u00e1pis muito pr\u00e1tico.<\/p>\n","protected":false},"featured_media":3823,"comment_status":"open","ping_status":"closed","template":"","meta":[],"product_cat":[279,598],"product_tag":[754,541,542],"aioseo_notices":[],"_links":{"self":[{"href":"https:\/\/music-gift.eu\/pt-pt\/wp-json\/wp\/v2\/product\/3822"}],"collection":[{"href":"https:\/\/music-gift.eu\/pt-pt\/wp-json\/wp\/v2\/product"}],"about":[{"href":"https:\/\/music-gift.eu\/pt-pt\/wp-json\/wp\/v2\/types\/product"}],"replies":[{"embeddable":true,"href":"https:\/\/music-gift.eu\/pt-pt\/wp-json\/wp\/v2\/comments?post=3822"}],"wp:featuredmedia":[{"embeddable":true,"href":"https:\/\/music-gift.eu\/pt-pt\/wp-json\/wp\/v2\/media\/3823"}],"wp:attachment":[{"href":"https:\/\/music-gift.eu\/pt-pt\/wp-json\/wp\/v2\/media?parent=3822"}],"wp:term":[{"taxonomy":"product_cat","embeddable":true,"href":"https:\/\/music-gift.eu\/pt-pt\/wp-json\/wp\/v2\/product_cat?post=3822"},{"taxonomy":"product_tag","embeddable":true,"href":"https:\/\/music-gift.eu\/pt-pt\/wp-json\/wp\/v2\/product_tag?post=3822"}],"curies":[{"name":"wp","href":"https:\/\/api.w.org\/{rel}","templated":true}]}}