{"id":3745,"date":"2013-08-28T11:58:00","date_gmt":"2013-08-28T11:58:00","guid":{"rendered":"http:\/\/music-gift.eu\/shop\/uncategorized\/sabonete-musical\/"},"modified":"2019-01-06T18:27:33","modified_gmt":"2019-01-06T18:27:33","slug":"sabonete-musical","status":"publish","type":"product","link":"https:\/\/music-gift.eu\/pt-pt\/product\/sabonete-musical\/","title":{"rendered":"Sabonete musical"},"content":{"rendered":"<p>Sabonete fabricado em Portugal pela Castelbel, Sa. em exclusivo para a MUSIC GIFT<\/p>\n","protected":false},"excerpt":{"rendered":"<p class=\"general_text\">Oferecendo uma lavagem delicada com uma espuma luxuriante, cada sabonete \u00e9 cunhado com uma coroa e embalado manualmente, garantindo uma perfei\u00e7\u00e3o e qualidade inigual\u00e1veis.<\/p>\n<p class=\"general_text\">Sabonete de 150g envolvido numa pe\u00e7a de tecido em algod\u00e3o\u00a0decorada com uma r\u00e9plica de uma partitura de canto Gregoriano do s\u00e9c XVII (Hino a Santa Cecilia), atada manualmente fazendo lembrar as antigas trouxas de roupa.<\/p>\n<p class=\"general_text\">Tecido &#8211; 30x30cm | aroma: jasmim<\/p>\n","protected":false},"featured_media":3746,"comment_status":"open","ping_status":"closed","template":"","meta":[],"product_cat":[264],"product_tag":[530],"aioseo_notices":[],"_links":{"self":[{"href":"https:\/\/music-gift.eu\/pt-pt\/wp-json\/wp\/v2\/product\/3745"}],"collection":[{"href":"https:\/\/music-gift.eu\/pt-pt\/wp-json\/wp\/v2\/product"}],"about":[{"href":"https:\/\/music-gift.eu\/pt-pt\/wp-json\/wp\/v2\/types\/product"}],"replies":[{"embeddable":true,"href":"https:\/\/music-gift.eu\/pt-pt\/wp-json\/wp\/v2\/comments?post=3745"}],"wp:featuredmedia":[{"embeddable":true,"href":"https:\/\/music-gift.eu\/pt-pt\/wp-json\/wp\/v2\/media\/3746"}],"wp:attachment":[{"href":"https:\/\/music-gift.eu\/pt-pt\/wp-json\/wp\/v2\/media?parent=3745"}],"wp:term":[{"taxonomy":"product_cat","embeddable":true,"href":"https:\/\/music-gift.eu\/pt-pt\/wp-json\/wp\/v2\/product_cat?post=3745"},{"taxonomy":"product_tag","embeddable":true,"href":"https:\/\/music-gift.eu\/pt-pt\/wp-json\/wp\/v2\/product_tag?post=3745"}],"curies":[{"name":"wp","href":"https:\/\/api.w.org\/{rel}","templated":true}]}}