{"id":3510,"date":"2020-01-26T16:36:43","date_gmt":"2020-01-26T15:36:43","guid":{"rendered":"http:\/\/music-gift.eu\/shop\/uncategorized\/saco-flauta\/"},"modified":"2024-07-03T16:43:17","modified_gmt":"2024-07-03T15:43:17","slug":"saco-flauta","status":"publish","type":"product","link":"https:\/\/music-gift.eu\/pt-pt\/product\/saco-flauta\/","title":{"rendered":"Saco &#8211; flauta"},"content":{"rendered":"<p>Fabricado em Portugal pela MUSIC GIFT<\/p>\n<p>ATEN\u00c7\u00c3O: o estojo \u00e9 vendido \u00e0 parte.<\/p>\n","protected":false},"excerpt":{"rendered":"<p>Saco em nylon imperme\u00e1vel e muito resistente. Com um bolsa interior. Fecha com um \u00edman.<\/p>\n<p>Dimens\u00f5es: 33 x 33 x 13 cm<\/p>\n<p>Lav\u00e1vel na m\u00e1quina a 30\u00ba<\/p>\n","protected":false},"featured_media":10470,"comment_status":"open","ping_status":"closed","template":"","meta":[],"product_cat":[753,692,700],"product_tag":[708,704],"aioseo_notices":[],"_links":{"self":[{"href":"https:\/\/music-gift.eu\/pt-pt\/wp-json\/wp\/v2\/product\/3510"}],"collection":[{"href":"https:\/\/music-gift.eu\/pt-pt\/wp-json\/wp\/v2\/product"}],"about":[{"href":"https:\/\/music-gift.eu\/pt-pt\/wp-json\/wp\/v2\/types\/product"}],"replies":[{"embeddable":true,"href":"https:\/\/music-gift.eu\/pt-pt\/wp-json\/wp\/v2\/comments?post=3510"}],"wp:featuredmedia":[{"embeddable":true,"href":"https:\/\/music-gift.eu\/pt-pt\/wp-json\/wp\/v2\/media\/10470"}],"wp:attachment":[{"href":"https:\/\/music-gift.eu\/pt-pt\/wp-json\/wp\/v2\/media?parent=3510"}],"wp:term":[{"taxonomy":"product_cat","embeddable":true,"href":"https:\/\/music-gift.eu\/pt-pt\/wp-json\/wp\/v2\/product_cat?post=3510"},{"taxonomy":"product_tag","embeddable":true,"href":"https:\/\/music-gift.eu\/pt-pt\/wp-json\/wp\/v2\/product_tag?post=3510"}],"curies":[{"name":"wp","href":"https:\/\/api.w.org\/{rel}","templated":true}]}}