{"id":3472,"date":"2015-10-18T15:14:22","date_gmt":"2015-10-18T14:14:22","guid":{"rendered":"http:\/\/music-gift.eu\/shop\/uncategorized\/capa-para-edredon-almofada\/"},"modified":"2019-01-06T18:23:45","modified_gmt":"2019-01-06T18:23:45","slug":"capa-para-edredon-almofada","status":"publish","type":"product","link":"https:\/\/music-gift.eu\/pt-pt\/product\/capa-para-edredon-almofada\/","title":{"rendered":"Capa para edredon  almofada"},"content":{"rendered":"<p>Em cetim. 100% algod\u00e3o. Com fecho<\/p>\n<p>Capa de edredon &#8211; 135 x 200 cm<\/p>\n<p>Capa de almofada &#8211; 80 x 80 cm<\/p>\n","protected":false},"excerpt":{"rendered":"<p>Fabricado em Portugal<\/p>\n<p>Este produto resulta de um acordo entre a MUSIC GIFT e a Lasa Internacional para comercializa\u00e7\u00e3o da colec\u00e7\u00e3o &#8220;Musical Cat&#8221; da designer austr\u00edaca Rosina Wachtmeister.<\/p>\n","protected":false},"featured_media":3427,"comment_status":"open","ping_status":"closed","template":"","meta":[],"product_cat":[787],"product_tag":[799],"aioseo_notices":[],"_links":{"self":[{"href":"https:\/\/music-gift.eu\/pt-pt\/wp-json\/wp\/v2\/product\/3472"}],"collection":[{"href":"https:\/\/music-gift.eu\/pt-pt\/wp-json\/wp\/v2\/product"}],"about":[{"href":"https:\/\/music-gift.eu\/pt-pt\/wp-json\/wp\/v2\/types\/product"}],"replies":[{"embeddable":true,"href":"https:\/\/music-gift.eu\/pt-pt\/wp-json\/wp\/v2\/comments?post=3472"}],"wp:featuredmedia":[{"embeddable":true,"href":"https:\/\/music-gift.eu\/pt-pt\/wp-json\/wp\/v2\/media\/3427"}],"wp:attachment":[{"href":"https:\/\/music-gift.eu\/pt-pt\/wp-json\/wp\/v2\/media?parent=3472"}],"wp:term":[{"taxonomy":"product_cat","embeddable":true,"href":"https:\/\/music-gift.eu\/pt-pt\/wp-json\/wp\/v2\/product_cat?post=3472"},{"taxonomy":"product_tag","embeddable":true,"href":"https:\/\/music-gift.eu\/pt-pt\/wp-json\/wp\/v2\/product_tag?post=3472"}],"curies":[{"name":"wp","href":"https:\/\/api.w.org\/{rel}","templated":true}]}}