{"id":3325,"date":"2015-02-12T18:11:07","date_gmt":"2015-02-12T17:11:07","guid":{"rendered":"http:\/\/music-gift.eu\/pt-pt\/shop\/uncategorized\/estojo-para-lapis-clarinete\/"},"modified":"2025-01-07T16:26:16","modified_gmt":"2025-01-07T15:26:16","slug":"estojo-para-lapis-clarinete","status":"publish","type":"product","link":"https:\/\/music-gift.eu\/pt-pt\/product\/estojo-para-lapis-clarinete\/","title":{"rendered":"Estojo para l\u00e1pis &#8211; Clarinete"},"content":{"rendered":"<p>Fabricado em Portugal pela MUSIC GIFT<\/p>\n<p>ATEN\u00c7\u00c3O: o saco \u00e9 vendido \u00e0 parte.<\/p>\n","protected":false},"excerpt":{"rendered":"<p>Estojo em nylon imperme\u00e1vel e muito resistente. Com fecho.<\/p>\n<p>Dimens\u00f5es: 22 x 10 cm<\/p>\n","protected":false},"featured_media":11230,"comment_status":"open","ping_status":"closed","template":"","meta":[],"product_cat":[277],"product_tag":[286,359],"aioseo_notices":[],"_links":{"self":[{"href":"https:\/\/music-gift.eu\/pt-pt\/wp-json\/wp\/v2\/product\/3325"}],"collection":[{"href":"https:\/\/music-gift.eu\/pt-pt\/wp-json\/wp\/v2\/product"}],"about":[{"href":"https:\/\/music-gift.eu\/pt-pt\/wp-json\/wp\/v2\/types\/product"}],"replies":[{"embeddable":true,"href":"https:\/\/music-gift.eu\/pt-pt\/wp-json\/wp\/v2\/comments?post=3325"}],"wp:featuredmedia":[{"embeddable":true,"href":"https:\/\/music-gift.eu\/pt-pt\/wp-json\/wp\/v2\/media\/11230"}],"wp:attachment":[{"href":"https:\/\/music-gift.eu\/pt-pt\/wp-json\/wp\/v2\/media?parent=3325"}],"wp:term":[{"taxonomy":"product_cat","embeddable":true,"href":"https:\/\/music-gift.eu\/pt-pt\/wp-json\/wp\/v2\/product_cat?post=3325"},{"taxonomy":"product_tag","embeddable":true,"href":"https:\/\/music-gift.eu\/pt-pt\/wp-json\/wp\/v2\/product_tag?post=3325"}],"curies":[{"name":"wp","href":"https:\/\/api.w.org\/{rel}","templated":true}]}}