{"id":3315,"date":"2015-02-12T18:03:28","date_gmt":"2015-02-12T17:03:28","guid":{"rendered":"http:\/\/music-gift.eu\/pt-pt\/shop\/uncategorized\/estojo-de-lapis-guitarra\/"},"modified":"2025-01-07T17:53:00","modified_gmt":"2025-01-07T16:53:00","slug":"estojo-de-lapis-guitarra","status":"publish","type":"product","link":"https:\/\/music-gift.eu\/pt-pt\/product\/estojo-de-lapis-guitarra\/","title":{"rendered":"Estojo de l\u00e1pis &#8211; Guitarra"},"content":{"rendered":"<p>Fabricado em Portugal pela MUSIC GIFT<\/p>\n<p>ATEN\u00c7\u00c3O: o saco \u00e9 vendido \u00e0 parte.<\/p>\n","protected":false},"excerpt":{"rendered":"<p>Estojo em nylon imperme\u00e1vel e muito resistente. Com fecho.<\/p>\n<p>Dimens\u00f5es: 22 x 10 cm<\/p>\n","protected":false},"featured_media":11215,"comment_status":"open","ping_status":"closed","template":"","meta":[],"product_cat":[277],"product_tag":[359,289],"aioseo_notices":[],"_links":{"self":[{"href":"https:\/\/music-gift.eu\/pt-pt\/wp-json\/wp\/v2\/product\/3315"}],"collection":[{"href":"https:\/\/music-gift.eu\/pt-pt\/wp-json\/wp\/v2\/product"}],"about":[{"href":"https:\/\/music-gift.eu\/pt-pt\/wp-json\/wp\/v2\/types\/product"}],"replies":[{"embeddable":true,"href":"https:\/\/music-gift.eu\/pt-pt\/wp-json\/wp\/v2\/comments?post=3315"}],"wp:featuredmedia":[{"embeddable":true,"href":"https:\/\/music-gift.eu\/pt-pt\/wp-json\/wp\/v2\/media\/11215"}],"wp:attachment":[{"href":"https:\/\/music-gift.eu\/pt-pt\/wp-json\/wp\/v2\/media?parent=3315"}],"wp:term":[{"taxonomy":"product_cat","embeddable":true,"href":"https:\/\/music-gift.eu\/pt-pt\/wp-json\/wp\/v2\/product_cat?post=3315"},{"taxonomy":"product_tag","embeddable":true,"href":"https:\/\/music-gift.eu\/pt-pt\/wp-json\/wp\/v2\/product_tag?post=3315"}],"curies":[{"name":"wp","href":"https:\/\/api.w.org\/{rel}","templated":true}]}}