{"id":3312,"date":"2020-01-22T18:01:10","date_gmt":"2020-01-22T17:01:10","guid":{"rendered":"http:\/\/music-gift.eu\/pt-pt\/shop\/uncategorized\/saco-clarinete\/"},"modified":"2023-08-24T18:34:06","modified_gmt":"2023-08-24T17:34:06","slug":"saco-clarinete","status":"publish","type":"product","link":"https:\/\/music-gift.eu\/pt-pt\/product\/saco-clarinete\/","title":{"rendered":"Saco &#8211; Clarinete"},"content":{"rendered":"<p>Fabricado em Portugal pela MUSIC GIFT<\/p>\n<p>ATEN\u00c7\u00c3O: o estojo \u00e9 vendido \u00e0 parte.<\/p>\n","protected":false},"excerpt":{"rendered":"<p>Saco em nylon imperme\u00e1vel e muito resistente. Com um bolsa interior. Fecha com um \u00edman.<\/p>\n<p>Dimens\u00f5es: 33 x 33 x 13 cm<\/p>\n<p>Lav\u00e1vel na maquina a 30\u00ba<\/p>\n","protected":false},"featured_media":10283,"comment_status":"open","ping_status":"closed","template":"","meta":[],"product_cat":[753,692,700],"product_tag":[286,704],"aioseo_notices":[],"_links":{"self":[{"href":"https:\/\/music-gift.eu\/pt-pt\/wp-json\/wp\/v2\/product\/3312"}],"collection":[{"href":"https:\/\/music-gift.eu\/pt-pt\/wp-json\/wp\/v2\/product"}],"about":[{"href":"https:\/\/music-gift.eu\/pt-pt\/wp-json\/wp\/v2\/types\/product"}],"replies":[{"embeddable":true,"href":"https:\/\/music-gift.eu\/pt-pt\/wp-json\/wp\/v2\/comments?post=3312"}],"wp:featuredmedia":[{"embeddable":true,"href":"https:\/\/music-gift.eu\/pt-pt\/wp-json\/wp\/v2\/media\/10283"}],"wp:attachment":[{"href":"https:\/\/music-gift.eu\/pt-pt\/wp-json\/wp\/v2\/media?parent=3312"}],"wp:term":[{"taxonomy":"product_cat","embeddable":true,"href":"https:\/\/music-gift.eu\/pt-pt\/wp-json\/wp\/v2\/product_cat?post=3312"},{"taxonomy":"product_tag","embeddable":true,"href":"https:\/\/music-gift.eu\/pt-pt\/wp-json\/wp\/v2\/product_tag?post=3312"}],"curies":[{"name":"wp","href":"https:\/\/api.w.org\/{rel}","templated":true}]}}