{"id":3306,"date":"2020-01-19T11:48:27","date_gmt":"2020-01-19T10:48:27","guid":{"rendered":"http:\/\/music-gift.eu\/pt-pt\/shop\/uncategorized\/mala-saxofone\/"},"modified":"2023-08-24T19:32:46","modified_gmt":"2023-08-24T18:32:46","slug":"mala-saxofone","status":"publish","type":"product","link":"https:\/\/music-gift.eu\/pt-pt\/product\/mala-saxofone\/","title":{"rendered":"Saco &#8211; Saxofone"},"content":{"rendered":"<p>Fabricado em Portugal pela MUSIC GIFT<\/p>\n<p>ATEN\u00c7\u00c3O: o estojo \u00e9 vendido \u00e0 parte.<\/p>\n","protected":false},"excerpt":{"rendered":"<p>Saco em nylon imperme\u00e1vel e muito resistente. Com um bolsa interior. Fecha com um \u00edman.<\/p>\n<p>Dimens\u00f5es: 33 x 33 x 13 cm<\/p>\n<p>Lav\u00e1vel na m\u00e1quina a 30\u00ba<\/p>\n","protected":false},"featured_media":10478,"comment_status":"open","ping_status":"closed","template":"","meta":[],"product_cat":[753,692,700],"product_tag":[704,711],"aioseo_notices":[],"_links":{"self":[{"href":"https:\/\/music-gift.eu\/pt-pt\/wp-json\/wp\/v2\/product\/3306"}],"collection":[{"href":"https:\/\/music-gift.eu\/pt-pt\/wp-json\/wp\/v2\/product"}],"about":[{"href":"https:\/\/music-gift.eu\/pt-pt\/wp-json\/wp\/v2\/types\/product"}],"replies":[{"embeddable":true,"href":"https:\/\/music-gift.eu\/pt-pt\/wp-json\/wp\/v2\/comments?post=3306"}],"wp:featuredmedia":[{"embeddable":true,"href":"https:\/\/music-gift.eu\/pt-pt\/wp-json\/wp\/v2\/media\/10478"}],"wp:attachment":[{"href":"https:\/\/music-gift.eu\/pt-pt\/wp-json\/wp\/v2\/media?parent=3306"}],"wp:term":[{"taxonomy":"product_cat","embeddable":true,"href":"https:\/\/music-gift.eu\/pt-pt\/wp-json\/wp\/v2\/product_cat?post=3306"},{"taxonomy":"product_tag","embeddable":true,"href":"https:\/\/music-gift.eu\/pt-pt\/wp-json\/wp\/v2\/product_tag?post=3306"}],"curies":[{"name":"wp","href":"https:\/\/api.w.org\/{rel}","templated":true}]}}