{"id":3297,"date":"2020-01-22T16:07:33","date_gmt":"2020-01-22T15:07:33","guid":{"rendered":"http:\/\/music-gift.eu\/pt-pt\/shop\/uncategorized\/mala-oboe\/"},"modified":"2023-08-24T19:24:16","modified_gmt":"2023-08-24T18:24:16","slug":"mala-oboe","status":"publish","type":"product","link":"https:\/\/music-gift.eu\/pt-pt\/product\/mala-oboe\/","title":{"rendered":"Saco &#8211; Obo\u00e9"},"content":{"rendered":"<p>Fabricado em Portugal pela MUSIC GIFT<\/p>\n<p>ATEN\u00c7\u00c3O: o estojo \u00e9 vendido \u00e0 parte.<\/p>\n","protected":false},"excerpt":{"rendered":"<p>Saco em nylon imperme\u00e1vel e muito resistente. Com um bolsa interior. Fecha com um \u00edman.<\/p>\n<p>Dimens\u00f5es: 33 x 33 x 13 cm<\/p>\n<p>Lav\u00e1vel na m\u00e1quina a 30\u00ba<\/p>\n","protected":false},"featured_media":10433,"comment_status":"open","ping_status":"closed","template":"","meta":[],"product_cat":[753,692,700],"product_tag":[462,709,704],"aioseo_notices":[],"_links":{"self":[{"href":"https:\/\/music-gift.eu\/pt-pt\/wp-json\/wp\/v2\/product\/3297"}],"collection":[{"href":"https:\/\/music-gift.eu\/pt-pt\/wp-json\/wp\/v2\/product"}],"about":[{"href":"https:\/\/music-gift.eu\/pt-pt\/wp-json\/wp\/v2\/types\/product"}],"replies":[{"embeddable":true,"href":"https:\/\/music-gift.eu\/pt-pt\/wp-json\/wp\/v2\/comments?post=3297"}],"wp:featuredmedia":[{"embeddable":true,"href":"https:\/\/music-gift.eu\/pt-pt\/wp-json\/wp\/v2\/media\/10433"}],"wp:attachment":[{"href":"https:\/\/music-gift.eu\/pt-pt\/wp-json\/wp\/v2\/media?parent=3297"}],"wp:term":[{"taxonomy":"product_cat","embeddable":true,"href":"https:\/\/music-gift.eu\/pt-pt\/wp-json\/wp\/v2\/product_cat?post=3297"},{"taxonomy":"product_tag","embeddable":true,"href":"https:\/\/music-gift.eu\/pt-pt\/wp-json\/wp\/v2\/product_tag?post=3297"}],"curies":[{"name":"wp","href":"https:\/\/api.w.org\/{rel}","templated":true}]}}