{"id":3240,"date":"2015-03-30T15:55:43","date_gmt":"2015-03-30T14:55:43","guid":{"rendered":"http:\/\/music-gift.eu\/pt-pt\/shop\/uncategorized\/necessaire-das-lied-von-der-erde\/"},"modified":"2025-07-07T15:27:46","modified_gmt":"2025-07-07T14:27:46","slug":"necessaire-das-lied-von-der-erde","status":"publish","type":"product","link":"https:\/\/music-gift.eu\/pt-pt\/product\/necessaire-das-lied-von-der-erde\/","title":{"rendered":"Bolsa MAHLER | &#8220;Das Lied von der Erde&#8221;"},"content":{"rendered":"<p>Dimens\u00f5es: 24 x 17 cm<\/p>\n<p>Fabricado em Portugal por MUSIC GIFT.<\/p>\n<p>Ilustradora: Patricia Roque<\/p>\n<p>ATEN\u00c7\u00c3O: acess\u00f3rios das fotos vendidos em separado<\/p>\n","protected":false},"excerpt":{"rendered":"<p>Bolsa em nylon imperme\u00e1vel e muito resistente. Com fecho.<\/p>\n<p>\u00c9 um acess\u00f3rio super pr\u00e1tico com\u00a0 fecho que garante a seguran\u00e7a e acondicionamento dos objetos nele ir\u00e1 transportar.<\/p>\n<p>Pequeno e f\u00e1cil de colocar em qualquer bolsa ou mochila. Super leve para transportar.<\/p>\n<p><strong>Outras utiliza\u00e7\u00f5es:<\/strong> como\u00a0clutch\u00a0para transportar o seu telem\u00f3vel e outros items do dia a dia; como necessaire para colocar os seus objetos de higiene e beleza.<\/p>\n<p>&nbsp;<\/p>\n<p>&nbsp;<\/p>\n","protected":false},"featured_media":10510,"comment_status":"open","ping_status":"closed","template":"","meta":[],"product_cat":[743,277,714,258,261],"product_tag":[757,758,554,604],"aioseo_notices":[],"_links":{"self":[{"href":"https:\/\/music-gift.eu\/pt-pt\/wp-json\/wp\/v2\/product\/3240"}],"collection":[{"href":"https:\/\/music-gift.eu\/pt-pt\/wp-json\/wp\/v2\/product"}],"about":[{"href":"https:\/\/music-gift.eu\/pt-pt\/wp-json\/wp\/v2\/types\/product"}],"replies":[{"embeddable":true,"href":"https:\/\/music-gift.eu\/pt-pt\/wp-json\/wp\/v2\/comments?post=3240"}],"wp:featuredmedia":[{"embeddable":true,"href":"https:\/\/music-gift.eu\/pt-pt\/wp-json\/wp\/v2\/media\/10510"}],"wp:attachment":[{"href":"https:\/\/music-gift.eu\/pt-pt\/wp-json\/wp\/v2\/media?parent=3240"}],"wp:term":[{"taxonomy":"product_cat","embeddable":true,"href":"https:\/\/music-gift.eu\/pt-pt\/wp-json\/wp\/v2\/product_cat?post=3240"},{"taxonomy":"product_tag","embeddable":true,"href":"https:\/\/music-gift.eu\/pt-pt\/wp-json\/wp\/v2\/product_tag?post=3240"}],"curies":[{"name":"wp","href":"https:\/\/api.w.org\/{rel}","templated":true}]}}