{"id":14789,"date":"2025-03-03T11:55:10","date_gmt":"2025-03-03T10:55:10","guid":{"rendered":"https:\/\/music-gift.eu\/?post_type=product&#038;p=14789"},"modified":"2025-03-03T15:21:37","modified_gmt":"2025-03-03T14:21:37","slug":"caneca-water-music-em-lata-copy","status":"publish","type":"product","link":"https:\/\/music-gift.eu\/pt-pt\/product\/caneca-water-music-em-lata-copy\/","title":{"rendered":"Lata Barcarola"},"content":{"rendered":"<p>lata:\u00a0\u00d8 14\u00a0x12 cm (height)<\/p>\n<p>Limpar com um pano macio.<\/p>\n","protected":false},"excerpt":{"rendered":"<p>Esta lata <em>Barcarola<\/em> \u00e9 a solu\u00e7\u00e3o para o armazenamento perfeito dos biscoitos, do ch\u00e1 ou do caf\u00e9.<br \/>\nDar\u00e1, tamb\u00e9m, um toque musical na sua cozinha, no escrit\u00f3rio, .\u2026. s\u00f3 precisa de ter imagina\u00e7\u00e3o!<\/p>\n<p>Na lata est\u00e1 impresso um excerto de uma pe\u00e7a do compositor portugu\u00eas Jos\u00e9 Vianna da Motta (1868-1948), \u2018Adeus! Minha Terra!\u2019<\/p>\n<p>&nbsp;<\/p>\n","protected":false},"featured_media":14799,"comment_status":"open","ping_status":"closed","template":"","meta":[],"product_cat":[950,269],"product_tag":[488,489],"aioseo_notices":[],"_links":{"self":[{"href":"https:\/\/music-gift.eu\/pt-pt\/wp-json\/wp\/v2\/product\/14789"}],"collection":[{"href":"https:\/\/music-gift.eu\/pt-pt\/wp-json\/wp\/v2\/product"}],"about":[{"href":"https:\/\/music-gift.eu\/pt-pt\/wp-json\/wp\/v2\/types\/product"}],"replies":[{"embeddable":true,"href":"https:\/\/music-gift.eu\/pt-pt\/wp-json\/wp\/v2\/comments?post=14789"}],"wp:featuredmedia":[{"embeddable":true,"href":"https:\/\/music-gift.eu\/pt-pt\/wp-json\/wp\/v2\/media\/14799"}],"wp:attachment":[{"href":"https:\/\/music-gift.eu\/pt-pt\/wp-json\/wp\/v2\/media?parent=14789"}],"wp:term":[{"taxonomy":"product_cat","embeddable":true,"href":"https:\/\/music-gift.eu\/pt-pt\/wp-json\/wp\/v2\/product_cat?post=14789"},{"taxonomy":"product_tag","embeddable":true,"href":"https:\/\/music-gift.eu\/pt-pt\/wp-json\/wp\/v2\/product_tag?post=14789"}],"curies":[{"name":"wp","href":"https:\/\/api.w.org\/{rel}","templated":true}]}}