{"id":14428,"date":"2023-09-11T23:22:14","date_gmt":"2023-09-11T22:22:14","guid":{"rendered":"https:\/\/music-gift.eu\/?post_type=product&#038;p=14428"},"modified":"2024-12-10T15:52:36","modified_gmt":"2024-12-10T14:52:36","slug":"lenco-copy","status":"publish","type":"product","link":"https:\/\/music-gift.eu\/pt-pt\/product\/lenco-copy\/","title":{"rendered":"\u00c9charpe | Composers"},"content":{"rendered":"<p>O tecido, em chiffon polyester, proporciona a melhor qualidade de imagem e aguenta muitas idas \u00e0 m\u00e1quina de lavar.<\/p>\n<p>Lavar na m\u00e1quina, m\u00e1ximo 30\u00ba .<\/p>\n<p>Aten\u00e7\u00e3o: o produto pode n\u00e3o ser exactamente igual ao da foto. O tecido com m\u00fasica \u00e9 cortado de forma aleat\u00f3ria, pelo que os padr\u00f5es das pe\u00e7as ser\u00e3o todos diferentes.<\/p>\n<p>Fabricado em Portugal<\/p>\n<p>&nbsp;<\/p>\n","protected":false},"excerpt":{"rendered":"<p>A\u00a0 \u00e9charpe\/len\u00e7o Composers \u00e9 um excelente acess\u00f3rio para todos e pode ser usada em todas as ocasi\u00f5es.<\/p>\n<p>Dimens\u00e3o: 150 x 30 cm<\/p>\n","protected":false},"featured_media":14430,"comment_status":"open","ping_status":"closed","template":"","meta":[],"product_cat":[670],"product_tag":[944,725,629,462],"aioseo_notices":[],"_links":{"self":[{"href":"https:\/\/music-gift.eu\/pt-pt\/wp-json\/wp\/v2\/product\/14428"}],"collection":[{"href":"https:\/\/music-gift.eu\/pt-pt\/wp-json\/wp\/v2\/product"}],"about":[{"href":"https:\/\/music-gift.eu\/pt-pt\/wp-json\/wp\/v2\/types\/product"}],"replies":[{"embeddable":true,"href":"https:\/\/music-gift.eu\/pt-pt\/wp-json\/wp\/v2\/comments?post=14428"}],"wp:featuredmedia":[{"embeddable":true,"href":"https:\/\/music-gift.eu\/pt-pt\/wp-json\/wp\/v2\/media\/14430"}],"wp:attachment":[{"href":"https:\/\/music-gift.eu\/pt-pt\/wp-json\/wp\/v2\/media?parent=14428"}],"wp:term":[{"taxonomy":"product_cat","embeddable":true,"href":"https:\/\/music-gift.eu\/pt-pt\/wp-json\/wp\/v2\/product_cat?post=14428"},{"taxonomy":"product_tag","embeddable":true,"href":"https:\/\/music-gift.eu\/pt-pt\/wp-json\/wp\/v2\/product_tag?post=14428"}],"curies":[{"name":"wp","href":"https:\/\/api.w.org\/{rel}","templated":true}]}}