{"id":14422,"date":"2023-09-11T22:52:17","date_gmt":"2023-09-11T21:52:17","guid":{"rendered":"https:\/\/music-gift.eu\/?post_type=product&#038;p=14422"},"modified":"2023-09-11T23:14:59","modified_gmt":"2023-09-11T22:14:59","slug":"bolsa-m-sonata-copy","status":"publish","type":"product","link":"https:\/\/music-gift.eu\/pt-pt\/product\/bolsa-m-sonata-copy\/","title":{"rendered":"Bolsa L | Sonata"},"content":{"rendered":"<p>Dimens\u00f5es: 25&#215;16 cm<br \/>\nMaterial:\u00a0 exterior e interior 100% algod\u00e3o<\/p>\n<p>Made in Portugal<\/p>\n<p>Lav\u00e1vel na m\u00e1quina a 30\u00ba<\/p>\n<p>Aten\u00e7\u00e3o: Todos os produtos s\u00e3o feitos de rolos de tecido com um design de repeti\u00e7\u00e3o do padr\u00e3o. Isso significa que o design apresentado em cada produto varia.<\/p>\n<p>&nbsp;<\/p>\n<p>&nbsp;<\/p>\n<p>&nbsp;<\/p>\n","protected":false},"excerpt":{"rendered":"<p>Bolsa grande plana, com nosso tecido SONATA, 100% algod\u00e3o, com forro interior em tecido 100% algod\u00e3o<\/p>\n<p>Port\u00e1til e de grande capacidade, pode armazenar facilmente pequenos objectos ou guardar produtos de maquilhagem. Pode manter os seus objectos\u00a0 seguros ou pelo menos guarda-los numa s\u00f3 bolsa.<\/p>\n","protected":false},"featured_media":14424,"comment_status":"open","ping_status":"closed","template":"","meta":[],"product_cat":[718,829,827,277,722,745,714,261],"product_tag":[758,285,359],"aioseo_notices":[],"_links":{"self":[{"href":"https:\/\/music-gift.eu\/pt-pt\/wp-json\/wp\/v2\/product\/14422"}],"collection":[{"href":"https:\/\/music-gift.eu\/pt-pt\/wp-json\/wp\/v2\/product"}],"about":[{"href":"https:\/\/music-gift.eu\/pt-pt\/wp-json\/wp\/v2\/types\/product"}],"replies":[{"embeddable":true,"href":"https:\/\/music-gift.eu\/pt-pt\/wp-json\/wp\/v2\/comments?post=14422"}],"wp:featuredmedia":[{"embeddable":true,"href":"https:\/\/music-gift.eu\/pt-pt\/wp-json\/wp\/v2\/media\/14424"}],"wp:attachment":[{"href":"https:\/\/music-gift.eu\/pt-pt\/wp-json\/wp\/v2\/media?parent=14422"}],"wp:term":[{"taxonomy":"product_cat","embeddable":true,"href":"https:\/\/music-gift.eu\/pt-pt\/wp-json\/wp\/v2\/product_cat?post=14422"},{"taxonomy":"product_tag","embeddable":true,"href":"https:\/\/music-gift.eu\/pt-pt\/wp-json\/wp\/v2\/product_tag?post=14422"}],"curies":[{"name":"wp","href":"https:\/\/api.w.org\/{rel}","templated":true}]}}