{"id":14283,"date":"2022-11-28T19:31:32","date_gmt":"2022-11-28T18:31:32","guid":{"rendered":"https:\/\/music-gift.eu\/?post_type=product&#038;p=14283"},"modified":"2023-09-26T22:39:47","modified_gmt":"2023-09-26T21:39:47","slug":"babete-nutcracker-copy","status":"publish","type":"product","link":"https:\/\/music-gift.eu\/pt-pt\/product\/babete-nutcracker-copy\/","title":{"rendered":"Pendentes | notas musicais"},"content":{"rendered":"","protected":false},"excerpt":{"rendered":"<p>S\u00edmbolos musicais em madeira, cortados a laser. Decora\u00e7\u00e3o ideal para a \u00e1rvore de Natal.<\/p>\n<p>Vendido em conjunto de 4 pe\u00e7as.<\/p>\n<p>Dimens\u00f5es: \u00d8 7 cm | fita de cetim MUSICA aprox 19 cm | espessura: 3mm<\/p>\n","protected":false},"featured_media":14295,"comment_status":"open","ping_status":"closed","template":"","meta":[],"product_cat":[940,829],"product_tag":[499],"aioseo_notices":[],"_links":{"self":[{"href":"https:\/\/music-gift.eu\/pt-pt\/wp-json\/wp\/v2\/product\/14283"}],"collection":[{"href":"https:\/\/music-gift.eu\/pt-pt\/wp-json\/wp\/v2\/product"}],"about":[{"href":"https:\/\/music-gift.eu\/pt-pt\/wp-json\/wp\/v2\/types\/product"}],"replies":[{"embeddable":true,"href":"https:\/\/music-gift.eu\/pt-pt\/wp-json\/wp\/v2\/comments?post=14283"}],"wp:featuredmedia":[{"embeddable":true,"href":"https:\/\/music-gift.eu\/pt-pt\/wp-json\/wp\/v2\/media\/14295"}],"wp:attachment":[{"href":"https:\/\/music-gift.eu\/pt-pt\/wp-json\/wp\/v2\/media?parent=14283"}],"wp:term":[{"taxonomy":"product_cat","embeddable":true,"href":"https:\/\/music-gift.eu\/pt-pt\/wp-json\/wp\/v2\/product_cat?post=14283"},{"taxonomy":"product_tag","embeddable":true,"href":"https:\/\/music-gift.eu\/pt-pt\/wp-json\/wp\/v2\/product_tag?post=14283"}],"curies":[{"name":"wp","href":"https:\/\/api.w.org\/{rel}","templated":true}]}}