{"id":14187,"date":"2022-08-28T19:18:42","date_gmt":"2022-08-28T18:18:42","guid":{"rendered":"https:\/\/music-gift.eu\/?post_type=product&#038;p=14187"},"modified":"2023-09-28T23:12:26","modified_gmt":"2023-09-28T22:12:26","slug":"bolsa-de-enrolar-nutcracker-copy","status":"publish","type":"product","link":"https:\/\/music-gift.eu\/pt-pt\/product\/bolsa-de-enrolar-nutcracker-copy\/","title":{"rendered":"Prende chupeta | Nutcracker"},"content":{"rendered":"<p>tecido-100% algod\u00e3o.<\/p>\n<p>Todas as fibras naturais poder\u00e3o encolher um pouco quando lavadas pela primeira vez. No entanto, lavar os nossos tecidos de algod\u00e3o a temperaturas excessivamente quentes causar\u00e1 mais encolhimento do que o normal.<\/p>\n<p>Aten\u00e7\u00e3o: o produto pode n\u00e3o ser exactamente igual ao da foto. O tecido \u00e9 cortado de forma aleat\u00f3ria, pelo que os padr\u00f5es das pe\u00e7as ser\u00e3o todos diferentes<\/p>\n","protected":false},"excerpt":{"rendered":"<p>Este prende chupeta est\u00e1 preparado para ser usado em qualquer chupeta.<br \/>\nAs chupetas de beb\u00e9 ficam limpas com este clipe que se prende com seguran\u00e7a \u00e0 roupa. Tamb\u00e9m \u00e9 \u00f3ptimo para segurar os mordedores.<\/p>\n<p>Basta passar o la\u00e7o pelo orif\u00edcio da chupeta e prend\u00ea-lo \u00e0 roupa do beb\u00e9 ou a outros acess\u00f3rios para garantir que a chupeta permane\u00e7a limpa e higi\u00e9nica.<\/p>\n<p>Lav\u00e1vel na m\u00e1quina (30\u00baC)<\/p>\n<p>Dimens\u00f5es: 2,5 cm (largura) x 17 cm (altura). Fita MUSICA: 6,5 cm<\/p>\n<p>&nbsp;<\/p>\n","protected":false},"featured_media":14189,"comment_status":"open","ping_status":"closed","template":"","meta":[],"product_cat":[942,807,737,810],"product_tag":[938,770],"aioseo_notices":[],"_links":{"self":[{"href":"https:\/\/music-gift.eu\/pt-pt\/wp-json\/wp\/v2\/product\/14187"}],"collection":[{"href":"https:\/\/music-gift.eu\/pt-pt\/wp-json\/wp\/v2\/product"}],"about":[{"href":"https:\/\/music-gift.eu\/pt-pt\/wp-json\/wp\/v2\/types\/product"}],"replies":[{"embeddable":true,"href":"https:\/\/music-gift.eu\/pt-pt\/wp-json\/wp\/v2\/comments?post=14187"}],"wp:featuredmedia":[{"embeddable":true,"href":"https:\/\/music-gift.eu\/pt-pt\/wp-json\/wp\/v2\/media\/14189"}],"wp:attachment":[{"href":"https:\/\/music-gift.eu\/pt-pt\/wp-json\/wp\/v2\/media?parent=14187"}],"wp:term":[{"taxonomy":"product_cat","embeddable":true,"href":"https:\/\/music-gift.eu\/pt-pt\/wp-json\/wp\/v2\/product_cat?post=14187"},{"taxonomy":"product_tag","embeddable":true,"href":"https:\/\/music-gift.eu\/pt-pt\/wp-json\/wp\/v2\/product_tag?post=14187"}],"curies":[{"name":"wp","href":"https:\/\/api.w.org\/{rel}","templated":true}]}}