{"id":14154,"date":"2022-08-28T17:51:50","date_gmt":"2022-08-28T16:51:50","guid":{"rendered":"https:\/\/music-gift.eu\/?post_type=product&#038;p=14154"},"modified":"2023-09-24T19:04:49","modified_gmt":"2023-09-24T18:04:49","slug":"saco-de-compras-dobravel-darezzo-copy","status":"publish","type":"product","link":"https:\/\/music-gift.eu\/pt-pt\/product\/saco-de-compras-dobravel-darezzo-copy\/","title":{"rendered":"Bolsa para o lanche | Nutcracker"},"content":{"rendered":"<p>tecido exterior-100% algod\u00e3o.<\/p>\n<p>tecido interior: imperme\u00e1vel, 100% poliester<\/p>\n<p>Todas as fibras naturais poder\u00e3o encolher um pouco quando lavadas pela primeira vez. No entanto, lavar os nossos tecidos de algod\u00e3o a temperaturas excessivamente quentes causar\u00e1 mais encolhimento do que o normal.<\/p>\n<p>Aten\u00e7\u00e3o: o produto pode n\u00e3o ser exactamente igual ao da foto. O tecido \u00e9 cortado de forma aleat\u00f3ria, pelo que os padr\u00f5es das pe\u00e7as ser\u00e3o todos diferentes<\/p>\n","protected":false},"excerpt":{"rendered":"<p>Hora do lanche! Para que tenhas o teu lanche sempre \u00e0 m\u00e3o, super fresco e saboroso, nada melhor que do que esta bolsa\u00a0 porta-lanches. Tem o tamanho ideal para uma sandes, uma pe\u00e7a de fruta ou umas deliciosas bolachas ou ainda um iogurte. Reutiliz\u00e1vel, f\u00e1cil de limpar e muito leve, \u00e9 a op\u00e7\u00e3o perfeita para levares os teus lanches para o trabalho, para a escola ou qualquer outro lugar!<\/p>\n<p>Interior: tecido imperme\u00e1vel. Lav\u00e1vel na m\u00e1quina (30\u00baC)<\/p>\n<p>Dimens\u00f5es: bolsa \u2013 20 (largura) x 16cm (altura, aba fechada). aba \u2013 7 cm<\/p>\n<p>&nbsp;<\/p>\n","protected":false},"featured_media":14158,"comment_status":"open","ping_status":"closed","template":"","meta":[],"product_cat":[942,760,767,805,737,700],"product_tag":[496,938,770,356],"aioseo_notices":[],"_links":{"self":[{"href":"https:\/\/music-gift.eu\/pt-pt\/wp-json\/wp\/v2\/product\/14154"}],"collection":[{"href":"https:\/\/music-gift.eu\/pt-pt\/wp-json\/wp\/v2\/product"}],"about":[{"href":"https:\/\/music-gift.eu\/pt-pt\/wp-json\/wp\/v2\/types\/product"}],"replies":[{"embeddable":true,"href":"https:\/\/music-gift.eu\/pt-pt\/wp-json\/wp\/v2\/comments?post=14154"}],"wp:featuredmedia":[{"embeddable":true,"href":"https:\/\/music-gift.eu\/pt-pt\/wp-json\/wp\/v2\/media\/14158"}],"wp:attachment":[{"href":"https:\/\/music-gift.eu\/pt-pt\/wp-json\/wp\/v2\/media?parent=14154"}],"wp:term":[{"taxonomy":"product_cat","embeddable":true,"href":"https:\/\/music-gift.eu\/pt-pt\/wp-json\/wp\/v2\/product_cat?post=14154"},{"taxonomy":"product_tag","embeddable":true,"href":"https:\/\/music-gift.eu\/pt-pt\/wp-json\/wp\/v2\/product_tag?post=14154"}],"curies":[{"name":"wp","href":"https:\/\/api.w.org\/{rel}","templated":true}]}}