{"id":14127,"date":"2022-07-13T11:43:58","date_gmt":"2022-07-13T10:43:58","guid":{"rendered":"https:\/\/music-gift.eu\/?post_type=product&#038;p=14127"},"modified":"2024-06-25T23:02:57","modified_gmt":"2024-06-25T22:02:57","slug":"tote-bag-dobravel-sta-cecilia-copy","status":"publish","type":"product","link":"https:\/\/music-gift.eu\/pt-pt\/product\/tote-bag-dobravel-sta-cecilia-copy\/","title":{"rendered":"Saco de compras dobr\u00e1vel | D&#8217;Arezzo"},"content":{"rendered":"","protected":false},"excerpt":{"rendered":"<p>Shopping bag com o texto atribu\u00eddo a Guido D&#8217;Arezzo <em>Ut queant laxis<\/em><\/p>\n<p>100% poliester<\/p>\n<p>Resist\u00eancia at\u00e9 9 kg de peso<\/p>\n<p>Dobra-se numa pequena rolo, de forma a facilitar o seu transporte.<\/p>\n<p>Lav\u00e1vel na m\u00e1quina (N\u00e3o lava a mais de 30\u00ba \/ N\u00e3o passar a ferro diretamente por cima do design do saco)<\/p>\n<p>Dimens\u00f5es: 37 x 42 cm (saco) | 23 cm (al\u00e7a)<\/p>\n<p>&nbsp;<\/p>\n","protected":false},"featured_media":14140,"comment_status":"open","ping_status":"closed","template":"","meta":[],"product_cat":[696,694,700],"product_tag":[356,536],"aioseo_notices":[],"_links":{"self":[{"href":"https:\/\/music-gift.eu\/pt-pt\/wp-json\/wp\/v2\/product\/14127"}],"collection":[{"href":"https:\/\/music-gift.eu\/pt-pt\/wp-json\/wp\/v2\/product"}],"about":[{"href":"https:\/\/music-gift.eu\/pt-pt\/wp-json\/wp\/v2\/types\/product"}],"replies":[{"embeddable":true,"href":"https:\/\/music-gift.eu\/pt-pt\/wp-json\/wp\/v2\/comments?post=14127"}],"wp:featuredmedia":[{"embeddable":true,"href":"https:\/\/music-gift.eu\/pt-pt\/wp-json\/wp\/v2\/media\/14140"}],"wp:attachment":[{"href":"https:\/\/music-gift.eu\/pt-pt\/wp-json\/wp\/v2\/media?parent=14127"}],"wp:term":[{"taxonomy":"product_cat","embeddable":true,"href":"https:\/\/music-gift.eu\/pt-pt\/wp-json\/wp\/v2\/product_cat?post=14127"},{"taxonomy":"product_tag","embeddable":true,"href":"https:\/\/music-gift.eu\/pt-pt\/wp-json\/wp\/v2\/product_tag?post=14127"}],"curies":[{"name":"wp","href":"https:\/\/api.w.org\/{rel}","templated":true}]}}