{"id":14105,"date":"2020-07-02T17:09:42","date_gmt":"2020-07-02T16:09:42","guid":{"rendered":"https:\/\/music-gift.eu\/?post_type=product&#038;p=14105"},"modified":"2023-09-18T22:33:43","modified_gmt":"2023-09-18T21:33:43","slug":"caderno-a6-sta-cecilia-copy","status":"publish","type":"product","link":"https:\/\/music-gift.eu\/pt-pt\/product\/caderno-a6-sta-cecilia-copy\/","title":{"rendered":"Bloco de notas A6 | Sta Cecilia"},"content":{"rendered":"<p>A6- 10,5 x 14,8 cm | 100 folhas de cor branca, 80 gr | interior: folhas em branco<\/p>\n<p>&nbsp;<\/p>\n","protected":false},"excerpt":{"rendered":"<p>Neste caderno, impresso com um extracto do Hino de Santa Cecilia,\u00a0 tens todo o espa\u00e7o que precisas para dar asas \u00e0 imagina\u00e7\u00e3o, s\u00f3 tens de escolher por onde come\u00e7ar.<\/p>\n<p>Leva-o para onde quiseres e come\u00e7a j\u00e1 a desenhar e a compor todas as tuas ideias, tens 100 folhas para te expressares.<\/p>\n<p>A espiral, no topo, torna muito mais f\u00e1cil escrever dos 2 lados e a abertura \u00e9 total.<\/p>\n","protected":false},"featured_media":14107,"comment_status":"closed","ping_status":"closed","template":"","meta":[],"product_cat":[280,751],"product_tag":[284,498,703],"aioseo_notices":[],"_links":{"self":[{"href":"https:\/\/music-gift.eu\/pt-pt\/wp-json\/wp\/v2\/product\/14105"}],"collection":[{"href":"https:\/\/music-gift.eu\/pt-pt\/wp-json\/wp\/v2\/product"}],"about":[{"href":"https:\/\/music-gift.eu\/pt-pt\/wp-json\/wp\/v2\/types\/product"}],"replies":[{"embeddable":true,"href":"https:\/\/music-gift.eu\/pt-pt\/wp-json\/wp\/v2\/comments?post=14105"}],"wp:featuredmedia":[{"embeddable":true,"href":"https:\/\/music-gift.eu\/pt-pt\/wp-json\/wp\/v2\/media\/14107"}],"wp:attachment":[{"href":"https:\/\/music-gift.eu\/pt-pt\/wp-json\/wp\/v2\/media?parent=14105"}],"wp:term":[{"taxonomy":"product_cat","embeddable":true,"href":"https:\/\/music-gift.eu\/pt-pt\/wp-json\/wp\/v2\/product_cat?post=14105"},{"taxonomy":"product_tag","embeddable":true,"href":"https:\/\/music-gift.eu\/pt-pt\/wp-json\/wp\/v2\/product_tag?post=14105"}],"curies":[{"name":"wp","href":"https:\/\/api.w.org\/{rel}","templated":true}]}}