{"id":14050,"date":"2022-05-18T16:09:18","date_gmt":"2022-05-18T15:09:18","guid":{"rendered":"https:\/\/music-gift.eu\/?post_type=product&#038;p=14050"},"modified":"2022-05-19T12:51:06","modified_gmt":"2022-05-19T11:51:06","slug":"laco-para-cabelo-com-gancho-nutcracker-copy","status":"publish","type":"product","link":"https:\/\/music-gift.eu\/pt-pt\/product\/laco-para-cabelo-com-gancho-nutcracker-copy\/","title":{"rendered":"La\u00e7o para cabelo, com gancho | Jazz"},"content":{"rendered":"","protected":false},"excerpt":{"rendered":"<p>Este la\u00e7o est\u00e1 pronto para dar um toque especial a qualquer outfit.<\/p>\n<p>Tamanho (comprimento x altura) : 10 cm &#8211; 5 cm approx.<br \/>\nComprimento do gancho: 7,5 cm<\/p>\n<p>Feito \u00e0 m\u00e3o. Todos os produtos s\u00e3o feitos a partir de um rolo de tecido com padr\u00e3o, o que significa que o design pode variar de pe\u00e7a para pe\u00e7a.<\/p>\n<p>composi\u00e7\u00e3o:<\/p>\n<p>la\u00e7o &#8211; 100% algod\u00e3o<\/p>\n<p>gancho &#8211; ferro<\/p>\n<p>&nbsp;<\/p>\n<p>gancho &#8211; ferro<\/p>\n","protected":false},"featured_media":14030,"comment_status":"closed","ping_status":"closed","template":"","meta":[],"product_cat":[821],"product_tag":[796],"aioseo_notices":[],"_links":{"self":[{"href":"https:\/\/music-gift.eu\/pt-pt\/wp-json\/wp\/v2\/product\/14050"}],"collection":[{"href":"https:\/\/music-gift.eu\/pt-pt\/wp-json\/wp\/v2\/product"}],"about":[{"href":"https:\/\/music-gift.eu\/pt-pt\/wp-json\/wp\/v2\/types\/product"}],"replies":[{"embeddable":true,"href":"https:\/\/music-gift.eu\/pt-pt\/wp-json\/wp\/v2\/comments?post=14050"}],"wp:featuredmedia":[{"embeddable":true,"href":"https:\/\/music-gift.eu\/pt-pt\/wp-json\/wp\/v2\/media\/14030"}],"wp:attachment":[{"href":"https:\/\/music-gift.eu\/pt-pt\/wp-json\/wp\/v2\/media?parent=14050"}],"wp:term":[{"taxonomy":"product_cat","embeddable":true,"href":"https:\/\/music-gift.eu\/pt-pt\/wp-json\/wp\/v2\/product_cat?post=14050"},{"taxonomy":"product_tag","embeddable":true,"href":"https:\/\/music-gift.eu\/pt-pt\/wp-json\/wp\/v2\/product_tag?post=14050"}],"curies":[{"name":"wp","href":"https:\/\/api.w.org\/{rel}","templated":true}]}}