{"id":13997,"date":"2022-05-18T15:20:42","date_gmt":"2022-05-18T14:20:42","guid":{"rendered":"https:\/\/music-gift.eu\/?post_type=product&#038;p=13997"},"modified":"2022-05-18T15:22:42","modified_gmt":"2022-05-18T14:22:42","slug":"fita-elastico-para-cabelo-composers-copy","status":"publish","type":"product","link":"https:\/\/music-gift.eu\/pt-pt\/product\/fita-elastico-para-cabelo-composers-copy\/","title":{"rendered":"Fita (el\u00e1stico) para cabelo | Nutcracker"},"content":{"rendered":"","protected":false},"excerpt":{"rendered":"<p>Esta fita par cabelo \u00e9 perfeita para qualquer idade.<\/p>\n<p>Diametro antes de esticar : 16cm , Diametro depois de esticar : 30cm\uff0clargura : 1 cm aprox.<\/p>\n<p>Feito de nylon e bastante flexivel<\/p>\n<p>composi\u00e7\u00e3o: tecido &#8211; 100% algod\u00e3o. 6 x 2 cm aprox.(comprimento x altura)<\/p>\n<p>100 % nylon<\/p>\n<p>Feito \u00e0 m\u00e3o. Todos os produtos s\u00e3o feitos a partir de um rolo de tecido com padr\u00e3o, o que significa que o design pode variar de pe\u00e7a para pe\u00e7a.<\/p>\n<p>&nbsp;<\/p>\n<div class=\"gmail_default\"><\/div>\n","protected":false},"featured_media":13931,"comment_status":"closed","ping_status":"closed","template":"","meta":[],"product_cat":[821],"product_tag":[796],"aioseo_notices":[],"_links":{"self":[{"href":"https:\/\/music-gift.eu\/pt-pt\/wp-json\/wp\/v2\/product\/13997"}],"collection":[{"href":"https:\/\/music-gift.eu\/pt-pt\/wp-json\/wp\/v2\/product"}],"about":[{"href":"https:\/\/music-gift.eu\/pt-pt\/wp-json\/wp\/v2\/types\/product"}],"replies":[{"embeddable":true,"href":"https:\/\/music-gift.eu\/pt-pt\/wp-json\/wp\/v2\/comments?post=13997"}],"wp:featuredmedia":[{"embeddable":true,"href":"https:\/\/music-gift.eu\/pt-pt\/wp-json\/wp\/v2\/media\/13931"}],"wp:attachment":[{"href":"https:\/\/music-gift.eu\/pt-pt\/wp-json\/wp\/v2\/media?parent=13997"}],"wp:term":[{"taxonomy":"product_cat","embeddable":true,"href":"https:\/\/music-gift.eu\/pt-pt\/wp-json\/wp\/v2\/product_cat?post=13997"},{"taxonomy":"product_tag","embeddable":true,"href":"https:\/\/music-gift.eu\/pt-pt\/wp-json\/wp\/v2\/product_tag?post=13997"}],"curies":[{"name":"wp","href":"https:\/\/api.w.org\/{rel}","templated":true}]}}