{"id":13983,"date":"2022-05-18T12:51:31","date_gmt":"2022-05-18T11:51:31","guid":{"rendered":"https:\/\/music-gift.eu\/?post_type=product&#038;p=13983"},"modified":"2022-05-18T12:55:24","modified_gmt":"2022-05-18T11:55:24","slug":"conjunto-de-2-ganchos-para-cabelo-sonata","status":"publish","type":"product","link":"https:\/\/music-gift.eu\/pt-pt\/product\/conjunto-de-2-ganchos-para-cabelo-sonata\/","title":{"rendered":"Conjunto de 2 ganchos para cabelo | Sonata"},"content":{"rendered":"","protected":false},"excerpt":{"rendered":"<p>Ganchos para o cabelo feitos \u00e0 m\u00e3o. Todos os produtos s\u00e3o feitos a partir de um rolo de tecido com padr\u00e3o, o que significa que o design pode variar de pe\u00e7a para pe\u00e7a.<\/p>\n<p>Approx &#8211;\u00a0 6,5cm x 2 cm.<\/p>\n<p>Composi\u00e7\u00e3o: \u00a0clip &#8211; ferro | tecido &#8211; 100% algod\u00e3o<\/p>\n","protected":false},"featured_media":13921,"comment_status":"closed","ping_status":"closed","template":"","meta":[],"product_cat":[821],"product_tag":[796],"aioseo_notices":[],"_links":{"self":[{"href":"https:\/\/music-gift.eu\/pt-pt\/wp-json\/wp\/v2\/product\/13983"}],"collection":[{"href":"https:\/\/music-gift.eu\/pt-pt\/wp-json\/wp\/v2\/product"}],"about":[{"href":"https:\/\/music-gift.eu\/pt-pt\/wp-json\/wp\/v2\/types\/product"}],"replies":[{"embeddable":true,"href":"https:\/\/music-gift.eu\/pt-pt\/wp-json\/wp\/v2\/comments?post=13983"}],"wp:featuredmedia":[{"embeddable":true,"href":"https:\/\/music-gift.eu\/pt-pt\/wp-json\/wp\/v2\/media\/13921"}],"wp:attachment":[{"href":"https:\/\/music-gift.eu\/pt-pt\/wp-json\/wp\/v2\/media?parent=13983"}],"wp:term":[{"taxonomy":"product_cat","embeddable":true,"href":"https:\/\/music-gift.eu\/pt-pt\/wp-json\/wp\/v2\/product_cat?post=13983"},{"taxonomy":"product_tag","embeddable":true,"href":"https:\/\/music-gift.eu\/pt-pt\/wp-json\/wp\/v2\/product_tag?post=13983"}],"curies":[{"name":"wp","href":"https:\/\/api.w.org\/{rel}","templated":true}]}}