{"id":13980,"date":"2022-05-18T12:41:08","date_gmt":"2022-05-18T11:41:08","guid":{"rendered":"https:\/\/music-gift.eu\/?post_type=product&#038;p=13980"},"modified":"2022-05-18T12:44:16","modified_gmt":"2022-05-18T11:44:16","slug":"conjunto-de-2-ganchos-para-cabelo-jazz","status":"publish","type":"product","link":"https:\/\/music-gift.eu\/pt-pt\/product\/conjunto-de-2-ganchos-para-cabelo-jazz\/","title":{"rendered":"Conjunto de 2 ganchos para cabelo | Jazz"},"content":{"rendered":"","protected":false},"excerpt":{"rendered":"<div class=\"gmail_default\">Ganchos para o cabelo feitos \u00e0 m\u00e3o. Todos os produtos s\u00e3o feitos a partir de um rolo de tecido com padr\u00e3o, o que significa que o design pode variar de pe\u00e7a para pe\u00e7a.<\/div>\n<div class=\"gmail_default\">\n<p>Approx &#8211;\u00a0 6,5cm x 2 cm.<\/p>\n<p>Composi\u00e7\u00e3o: \u00a0clip &#8211; ferro | tecido &#8211; 100% algod\u00e3o<\/p>\n<\/div>\n","protected":false},"featured_media":13911,"comment_status":"closed","ping_status":"closed","template":"","meta":[],"product_cat":[821],"product_tag":[796],"aioseo_notices":[],"_links":{"self":[{"href":"https:\/\/music-gift.eu\/pt-pt\/wp-json\/wp\/v2\/product\/13980"}],"collection":[{"href":"https:\/\/music-gift.eu\/pt-pt\/wp-json\/wp\/v2\/product"}],"about":[{"href":"https:\/\/music-gift.eu\/pt-pt\/wp-json\/wp\/v2\/types\/product"}],"replies":[{"embeddable":true,"href":"https:\/\/music-gift.eu\/pt-pt\/wp-json\/wp\/v2\/comments?post=13980"}],"wp:featuredmedia":[{"embeddable":true,"href":"https:\/\/music-gift.eu\/pt-pt\/wp-json\/wp\/v2\/media\/13911"}],"wp:attachment":[{"href":"https:\/\/music-gift.eu\/pt-pt\/wp-json\/wp\/v2\/media?parent=13980"}],"wp:term":[{"taxonomy":"product_cat","embeddable":true,"href":"https:\/\/music-gift.eu\/pt-pt\/wp-json\/wp\/v2\/product_cat?post=13980"},{"taxonomy":"product_tag","embeddable":true,"href":"https:\/\/music-gift.eu\/pt-pt\/wp-json\/wp\/v2\/product_tag?post=13980"}],"curies":[{"name":"wp","href":"https:\/\/api.w.org\/{rel}","templated":true}]}}