{"id":13964,"date":"2022-05-18T12:17:20","date_gmt":"2022-05-18T11:17:20","guid":{"rendered":"https:\/\/music-gift.eu\/?post_type=product&#038;p=13964"},"modified":"2022-05-18T12:26:32","modified_gmt":"2022-05-18T11:26:32","slug":"conjunto-de-2-ganchos-para-cabelo-composers","status":"publish","type":"product","link":"https:\/\/music-gift.eu\/pt-pt\/product\/conjunto-de-2-ganchos-para-cabelo-composers\/","title":{"rendered":"Conjunto de 2 ganchos para cabelo | Composers"},"content":{"rendered":"","protected":false},"excerpt":{"rendered":"<div>Ganchos para o cabelo feitos \u00e0 m\u00e3o. Todos os produtos s\u00e3o feitos a partir de um rolo de tecido com padr\u00e3o, o que significa que o design pode variar de pe\u00e7a para pe\u00e7a.<\/div>\n<div class=\"gmail_default\">Approx &#8211;\u00a0 6,5cm<span class=\"gmail_default\"> x 2 cm.\u00a0<\/span><\/div>\n<div class=\"gmail_default\"><span class=\"gmail_default\">Composi\u00e7\u00e3o:<\/span> \u00a0clip &#8211; ferro | tecido &#8211; 100% cotton<\/div>\n","protected":false},"featured_media":13955,"comment_status":"closed","ping_status":"closed","template":"","meta":[],"product_cat":[821],"product_tag":[796],"aioseo_notices":[],"_links":{"self":[{"href":"https:\/\/music-gift.eu\/pt-pt\/wp-json\/wp\/v2\/product\/13964"}],"collection":[{"href":"https:\/\/music-gift.eu\/pt-pt\/wp-json\/wp\/v2\/product"}],"about":[{"href":"https:\/\/music-gift.eu\/pt-pt\/wp-json\/wp\/v2\/types\/product"}],"replies":[{"embeddable":true,"href":"https:\/\/music-gift.eu\/pt-pt\/wp-json\/wp\/v2\/comments?post=13964"}],"wp:featuredmedia":[{"embeddable":true,"href":"https:\/\/music-gift.eu\/pt-pt\/wp-json\/wp\/v2\/media\/13955"}],"wp:attachment":[{"href":"https:\/\/music-gift.eu\/pt-pt\/wp-json\/wp\/v2\/media?parent=13964"}],"wp:term":[{"taxonomy":"product_cat","embeddable":true,"href":"https:\/\/music-gift.eu\/pt-pt\/wp-json\/wp\/v2\/product_cat?post=13964"},{"taxonomy":"product_tag","embeddable":true,"href":"https:\/\/music-gift.eu\/pt-pt\/wp-json\/wp\/v2\/product_tag?post=13964"}],"curies":[{"name":"wp","href":"https:\/\/api.w.org\/{rel}","templated":true}]}}