{"id":13866,"date":"2022-03-14T15:58:08","date_gmt":"2022-03-14T14:58:08","guid":{"rendered":"https:\/\/music-gift.eu\/?post_type=product&#038;p=13866"},"modified":"2023-09-28T23:20:48","modified_gmt":"2023-09-28T22:20:48","slug":"almofada-cervical","status":"publish","type":"product","link":"https:\/\/music-gift.eu\/pt-pt\/product\/almofada-cervical\/","title":{"rendered":"Almofada cervical"},"content":{"rendered":"<div class=\"gmail_default\">As Almofadas T\u00e9rmicas\u00a0s\u00e3o uma op\u00e7\u00e3o pr\u00e1tica e segura para substituir os sacos de \u00e1gua quente ou os sacos de gelo.<\/div>\n<div class=\"gmail_default\">para aliviar dores cervicais, tens\u00e3o e sensa\u00e7\u00e3o de peso nos ombros.<br \/>\npara aliviar dores lombares ou dar apoio durante a gravidez.<br \/>\npara aliviar todo o tipo de dores musculares (agudas ou cr\u00f3nicas).<\/div>\n<div class=\"gmail_default\">para descomprimir, relaxar ou aquecer nos dias frios.<\/div>\n<div>dimens\u00f5es: 56 x 18 cm aprox<\/div>\n<div>peso:720 gr aprox<\/div>\n","protected":false},"excerpt":{"rendered":"<p>As Almofadas T\u00e9rmicas s\u00e3o uma op\u00e7\u00e3o pr\u00e1tica e segura para substituir os sacos de \u00e1gua quente ou os sacos de gelo. Podem ser aplicadas como compressa quente (microondas), ou como compressa fria (congelador). S\u00e3o ideais para aliviar a dor localizada e a tens\u00e3o muscular. S\u00e3o igualmente perfeitas para quem quer criar o h\u00e1bito de libertar a tens\u00e3o, o stress e a ansiedade acumulados no fim do dia. Para quem \u00e9 friorento s\u00e3o indispens\u00e1veis para relaxar e aquecer em dias frios<\/p>\n","protected":false},"featured_media":13839,"comment_status":"closed","ping_status":"closed","template":"","meta":[],"product_cat":[924,737,812,814,810,714],"product_tag":[],"aioseo_notices":[],"_links":{"self":[{"href":"https:\/\/music-gift.eu\/pt-pt\/wp-json\/wp\/v2\/product\/13866"}],"collection":[{"href":"https:\/\/music-gift.eu\/pt-pt\/wp-json\/wp\/v2\/product"}],"about":[{"href":"https:\/\/music-gift.eu\/pt-pt\/wp-json\/wp\/v2\/types\/product"}],"replies":[{"embeddable":true,"href":"https:\/\/music-gift.eu\/pt-pt\/wp-json\/wp\/v2\/comments?post=13866"}],"wp:featuredmedia":[{"embeddable":true,"href":"https:\/\/music-gift.eu\/pt-pt\/wp-json\/wp\/v2\/media\/13839"}],"wp:attachment":[{"href":"https:\/\/music-gift.eu\/pt-pt\/wp-json\/wp\/v2\/media?parent=13866"}],"wp:term":[{"taxonomy":"product_cat","embeddable":true,"href":"https:\/\/music-gift.eu\/pt-pt\/wp-json\/wp\/v2\/product_cat?post=13866"},{"taxonomy":"product_tag","embeddable":true,"href":"https:\/\/music-gift.eu\/pt-pt\/wp-json\/wp\/v2\/product_tag?post=13866"}],"curies":[{"name":"wp","href":"https:\/\/api.w.org\/{rel}","templated":true}]}}