{"id":13863,"date":"2022-03-14T15:46:00","date_gmt":"2022-03-14T14:46:00","guid":{"rendered":"https:\/\/music-gift.eu\/?post_type=product&#038;p=13863"},"modified":"2023-09-28T23:17:52","modified_gmt":"2023-09-28T22:17:52","slug":"almofada-termica-media","status":"publish","type":"product","link":"https:\/\/music-gift.eu\/pt-pt\/product\/almofada-termica-media\/","title":{"rendered":"Almofada t\u00e9rmica (m\u00e9dia)"},"content":{"rendered":"<div class=\"gmail_default\">As Almofadas T\u00e9rmicas\u00a0s\u00e3o uma op\u00e7\u00e3o pr\u00e1tica e segura para substituir os sacos de \u00e1gua quente ou os sacos de gelo.<\/div>\n<div class=\"gmail_default\">dores localizadas,\u00a0tens\u00e3o e recupera\u00e7\u00e3o muscular e rigidez articular,<\/div>\n<div class=\"gmail_default\">estimulam a circula\u00e7\u00e3o sangu\u00ednea e auxiliam nas inflama\u00e7\u00f5es e dores\u00a0cr\u00f3nicas,<\/div>\n<div class=\"gmail_default\">atuam no\u00a0al\u00edvio\u00a0do stress, ansiedade e no combate \u00e0s ins\u00f3nias (ajudam a relaxar de forma natural e promovem o sono),\u00a0para os mais friorentos s\u00e3o indispens\u00e1veis para aquecer em dias frios.<\/div>\n<div class=\"gmail_default\">dimens\u00f5es: 24 x 18 cm aprox<\/div>\n<div>peso: 530 gr aprox<\/div>\n","protected":false},"excerpt":{"rendered":"<p>As Almofadas T\u00e9rmicas s\u00e3o uma op\u00e7\u00e3o pr\u00e1tica e segura para substituir os sacos de \u00e1gua quente ou os sacos de gelo. Podem ser aplicadas como compressa quente (microondas), ou como compressa fria (congelador). S\u00e3o ideais para aliviar a dor localizada e a tens\u00e3o muscular. S\u00e3o igualmente perfeitas para quem quer criar o h\u00e1bito de libertar a tens\u00e3o, o stress e a ansiedade acumulados no fim do dia. Para quem \u00e9 friorento s\u00e3o indispens\u00e1veis para relaxar e aquecer em dias frios<\/p>\n","protected":false},"featured_media":13849,"comment_status":"closed","ping_status":"closed","template":"","meta":[],"product_cat":[924,737,812,814,810,714],"product_tag":[],"aioseo_notices":[],"_links":{"self":[{"href":"https:\/\/music-gift.eu\/pt-pt\/wp-json\/wp\/v2\/product\/13863"}],"collection":[{"href":"https:\/\/music-gift.eu\/pt-pt\/wp-json\/wp\/v2\/product"}],"about":[{"href":"https:\/\/music-gift.eu\/pt-pt\/wp-json\/wp\/v2\/types\/product"}],"replies":[{"embeddable":true,"href":"https:\/\/music-gift.eu\/pt-pt\/wp-json\/wp\/v2\/comments?post=13863"}],"wp:featuredmedia":[{"embeddable":true,"href":"https:\/\/music-gift.eu\/pt-pt\/wp-json\/wp\/v2\/media\/13849"}],"wp:attachment":[{"href":"https:\/\/music-gift.eu\/pt-pt\/wp-json\/wp\/v2\/media?parent=13863"}],"wp:term":[{"taxonomy":"product_cat","embeddable":true,"href":"https:\/\/music-gift.eu\/pt-pt\/wp-json\/wp\/v2\/product_cat?post=13863"},{"taxonomy":"product_tag","embeddable":true,"href":"https:\/\/music-gift.eu\/pt-pt\/wp-json\/wp\/v2\/product_tag?post=13863"}],"curies":[{"name":"wp","href":"https:\/\/api.w.org\/{rel}","templated":true}]}}