{"id":13589,"date":"2021-09-16T14:41:52","date_gmt":"2021-09-16T13:41:52","guid":{"rendered":"https:\/\/music-gift.eu\/?post_type=product&#038;p=13589"},"modified":"2025-03-03T16:23:25","modified_gmt":"2025-03-03T15:23:25","slug":"conjunto-de-4-toalhas-nutcracker","status":"publish","type":"product","link":"https:\/\/music-gift.eu\/pt-pt\/product\/conjunto-de-4-toalhas-nutcracker\/","title":{"rendered":"Conjunto de 3 toalhas | Nutcracker"},"content":{"rendered":"<p>Conjunto de 3 toalhas , 100%\u00a0 algod\u00e3o penteado, 550gr \/ m2.<br \/>\nMacias e leves \u2013 perfeitas para quem tem pele sens\u00edvel, para beb\u00e9s e crian\u00e7as.<\/p>\n<p>Estas toalhas apresentam elevada durabilidade, atingindo maciez e suavidade superiores a cada lavagem.<\/p>\n<p>Dimens\u00f5es: toalha banho: 70\u00d7140 cm | toalha rosto: 50\u00d7100 cm | toalha pequena; 33\u00d750 cm<\/p>\n<p>cor: vermelho com aplica\u00e7\u00e3o do nosso tecido nutcracker<\/p>\n","protected":false},"excerpt":{"rendered":"<p>Conjunto de 3 toalhas , 100%\u00a0 algod\u00e3o penteado, 550gr \/ m2. Macias e leves \u2013 perfeitas para quem tem pele sens\u00edvel, para beb\u00e9s e crian\u00e7as. Estas toalhas apresentam elevada durabilidade, atingindo maciez e suavidade superiores a cada lavagem. Dimens\u00f5es: toalha banho: 70\u00d7140 cm | toalha rosto: 50\u00d7100 cm | toalha pequena; 33\u00d750 cm cor: vermelho [&#8230;]\n","protected":false},"featured_media":13566,"comment_status":"closed","ping_status":"closed","template":"","meta":[],"product_cat":[639,737],"product_tag":[515,770,482],"aioseo_notices":[],"_links":{"self":[{"href":"https:\/\/music-gift.eu\/pt-pt\/wp-json\/wp\/v2\/product\/13589"}],"collection":[{"href":"https:\/\/music-gift.eu\/pt-pt\/wp-json\/wp\/v2\/product"}],"about":[{"href":"https:\/\/music-gift.eu\/pt-pt\/wp-json\/wp\/v2\/types\/product"}],"replies":[{"embeddable":true,"href":"https:\/\/music-gift.eu\/pt-pt\/wp-json\/wp\/v2\/comments?post=13589"}],"wp:featuredmedia":[{"embeddable":true,"href":"https:\/\/music-gift.eu\/pt-pt\/wp-json\/wp\/v2\/media\/13566"}],"wp:attachment":[{"href":"https:\/\/music-gift.eu\/pt-pt\/wp-json\/wp\/v2\/media?parent=13589"}],"wp:term":[{"taxonomy":"product_cat","embeddable":true,"href":"https:\/\/music-gift.eu\/pt-pt\/wp-json\/wp\/v2\/product_cat?post=13589"},{"taxonomy":"product_tag","embeddable":true,"href":"https:\/\/music-gift.eu\/pt-pt\/wp-json\/wp\/v2\/product_tag?post=13589"}],"curies":[{"name":"wp","href":"https:\/\/api.w.org\/{rel}","templated":true}]}}