{"id":13185,"date":"2021-02-21T21:05:33","date_gmt":"2021-02-21T20:05:33","guid":{"rendered":"https:\/\/music-gift.eu\/?post_type=product&#038;p=13185"},"modified":"2026-03-11T20:27:48","modified_gmt":"2026-03-11T19:27:48","slug":"lapis-piano-com-borracha-copy","status":"publish","type":"product","link":"https:\/\/music-gift.eu\/pt-pt\/product\/lapis-piano-com-borracha-copy\/","title":{"rendered":"L\u00e1pis piano com borracha (60 uni)"},"content":{"rendered":"<p>Fabricado em Portugal<\/p>\n","protected":false},"excerpt":{"rendered":"<p>Dimens\u00f5es: \u219419cm \u00d86,9mm<br \/>\nL\u00e1pis: madeira preta impresso a branco<br \/>\nBorracha: preta<\/p>\n<p>Fabricado em Portugal pela Viarco (\u00fanica f\u00e1brica de l\u00e1pis da Pen\u00ednsula Ib\u00e9rica)<\/p>\n","protected":false},"featured_media":10195,"comment_status":"open","ping_status":"closed","template":"","meta":[],"product_cat":[279],"product_tag":[291,541,556,557,555],"aioseo_notices":[],"_links":{"self":[{"href":"https:\/\/music-gift.eu\/pt-pt\/wp-json\/wp\/v2\/product\/13185"}],"collection":[{"href":"https:\/\/music-gift.eu\/pt-pt\/wp-json\/wp\/v2\/product"}],"about":[{"href":"https:\/\/music-gift.eu\/pt-pt\/wp-json\/wp\/v2\/types\/product"}],"replies":[{"embeddable":true,"href":"https:\/\/music-gift.eu\/pt-pt\/wp-json\/wp\/v2\/comments?post=13185"}],"wp:featuredmedia":[{"embeddable":true,"href":"https:\/\/music-gift.eu\/pt-pt\/wp-json\/wp\/v2\/media\/10195"}],"wp:attachment":[{"href":"https:\/\/music-gift.eu\/pt-pt\/wp-json\/wp\/v2\/media?parent=13185"}],"wp:term":[{"taxonomy":"product_cat","embeddable":true,"href":"https:\/\/music-gift.eu\/pt-pt\/wp-json\/wp\/v2\/product_cat?post=13185"},{"taxonomy":"product_tag","embeddable":true,"href":"https:\/\/music-gift.eu\/pt-pt\/wp-json\/wp\/v2\/product_tag?post=13185"}],"curies":[{"name":"wp","href":"https:\/\/api.w.org\/{rel}","templated":true}]}}