{"id":13176,"date":"2021-02-21T20:32:20","date_gmt":"2021-02-21T19:32:20","guid":{"rendered":"https:\/\/music-gift.eu\/?post_type=product&#038;p=13176"},"modified":"2024-09-17T12:00:00","modified_gmt":"2024-09-17T11:00:00","slug":"lapis-darezzo-borracha-copy","status":"publish","type":"product","link":"https:\/\/music-gift.eu\/pt-pt\/product\/lapis-darezzo-borracha-copy\/","title":{"rendered":"L\u00e1pis D&#8217;Arezzo &#038; borracha (60 uni)"},"content":{"rendered":"<p>Nota: as classes de padr\u00e3o dispon\u00edveis incluem os seguintes tipos: 6H, 5H, 4H, 3H, 2H, H, F, HB, B, 2B, 3B, 4B, 5B e 6B. Quanto maior o n\u00famero H (r\u00edgido), mais clara e mais forte \u00e9 a linha. Por outro lado, quanto maior o n\u00famero B (preto), mais preta e macia ser\u00e1 a linha.<\/p>\n","protected":false},"excerpt":{"rendered":"<p>l\u00e1pis produzido com mina de grafite 2B. \u00c9 mais suave e a sua linha \u00e9 mais escura e f\u00e1cil de apagar.<\/p>\n<p>Impresso com o hino <strong>Ut queant laxis<\/strong> ou <strong>Hymnus in Ioannem<\/strong> de Guido d&#8217;Arezzo. O uso de Ut Queant Laxis para nomear os tons \u00e9 geralmente atribu\u00eddo a Guido d&#8217;Arezzo no s\u00e9culo XI, que prop\u00f4s um nome aos tons das notas.<br \/>\nl\u00e1pis com a mina de grafite adequada para m\u00fasicos!<\/p>\n<p>Dimens\u00f5es: \u219419cm \u2013 \u00d8 7,3mm<br \/>\nl\u00e1pis: em madeira com impress\u00e3o a branco e com borracha branca<\/p>\n","protected":false},"featured_media":10560,"comment_status":"open","ping_status":"closed","template":"","meta":[],"product_cat":[279],"product_tag":[680,290,541,462],"aioseo_notices":[],"_links":{"self":[{"href":"https:\/\/music-gift.eu\/pt-pt\/wp-json\/wp\/v2\/product\/13176"}],"collection":[{"href":"https:\/\/music-gift.eu\/pt-pt\/wp-json\/wp\/v2\/product"}],"about":[{"href":"https:\/\/music-gift.eu\/pt-pt\/wp-json\/wp\/v2\/types\/product"}],"replies":[{"embeddable":true,"href":"https:\/\/music-gift.eu\/pt-pt\/wp-json\/wp\/v2\/comments?post=13176"}],"wp:featuredmedia":[{"embeddable":true,"href":"https:\/\/music-gift.eu\/pt-pt\/wp-json\/wp\/v2\/media\/10560"}],"wp:attachment":[{"href":"https:\/\/music-gift.eu\/pt-pt\/wp-json\/wp\/v2\/media?parent=13176"}],"wp:term":[{"taxonomy":"product_cat","embeddable":true,"href":"https:\/\/music-gift.eu\/pt-pt\/wp-json\/wp\/v2\/product_cat?post=13176"},{"taxonomy":"product_tag","embeddable":true,"href":"https:\/\/music-gift.eu\/pt-pt\/wp-json\/wp\/v2\/product_tag?post=13176"}],"curies":[{"name":"wp","href":"https:\/\/api.w.org\/{rel}","templated":true}]}}