{"id":13007,"date":"2021-01-08T13:44:36","date_gmt":"2021-01-08T12:44:36","guid":{"rendered":"https:\/\/music-gift.eu\/?post_type=product&#038;p=13007"},"modified":"2023-09-17T23:30:08","modified_gmt":"2023-09-17T22:30:08","slug":"mix-lapis-com-borracha-e-reguas","status":"publish","type":"product","link":"https:\/\/music-gift.eu\/pt-pt\/product\/mix-lapis-com-borracha-e-reguas\/","title":{"rendered":"MIX | L\u00e1pis com borracha e r\u00e9guas"},"content":{"rendered":"","protected":false},"excerpt":{"rendered":"<p>10x (D&#8217;Arezzo+piano+instrumentos+l\u00e1pis dourado+R&amp;B)<\/p>\n<p>10x R\u00e9gua notas musicais<\/p>\n","protected":false},"featured_media":12973,"comment_status":"closed","ping_status":"closed","template":"","meta":[],"product_cat":[278,279],"product_tag":[754,541,557,546],"aioseo_notices":[],"_links":{"self":[{"href":"https:\/\/music-gift.eu\/pt-pt\/wp-json\/wp\/v2\/product\/13007"}],"collection":[{"href":"https:\/\/music-gift.eu\/pt-pt\/wp-json\/wp\/v2\/product"}],"about":[{"href":"https:\/\/music-gift.eu\/pt-pt\/wp-json\/wp\/v2\/types\/product"}],"replies":[{"embeddable":true,"href":"https:\/\/music-gift.eu\/pt-pt\/wp-json\/wp\/v2\/comments?post=13007"}],"wp:featuredmedia":[{"embeddable":true,"href":"https:\/\/music-gift.eu\/pt-pt\/wp-json\/wp\/v2\/media\/12973"}],"wp:attachment":[{"href":"https:\/\/music-gift.eu\/pt-pt\/wp-json\/wp\/v2\/media?parent=13007"}],"wp:term":[{"taxonomy":"product_cat","embeddable":true,"href":"https:\/\/music-gift.eu\/pt-pt\/wp-json\/wp\/v2\/product_cat?post=13007"},{"taxonomy":"product_tag","embeddable":true,"href":"https:\/\/music-gift.eu\/pt-pt\/wp-json\/wp\/v2\/product_tag?post=13007"}],"curies":[{"name":"wp","href":"https:\/\/api.w.org\/{rel}","templated":true}]}}