{"id":13002,"date":"2021-01-08T13:02:03","date_gmt":"2021-01-08T12:02:03","guid":{"rendered":"https:\/\/music-gift.eu\/?post_type=product&#038;p=13002"},"modified":"2023-09-17T23:26:15","modified_gmt":"2023-09-17T22:26:15","slug":"mix-lapis-magneticos-e-reguas","status":"publish","type":"product","link":"https:\/\/music-gift.eu\/pt-pt\/product\/mix-lapis-magneticos-e-reguas\/","title":{"rendered":"MIX | L\u00e1pis Magn\u00e9ticos e r\u00e9guas"},"content":{"rendered":"","protected":false},"excerpt":{"rendered":"","protected":false},"featured_media":12971,"comment_status":"closed","ping_status":"closed","template":"","meta":[],"product_cat":[278,598],"product_tag":[754,541],"aioseo_notices":[],"_links":{"self":[{"href":"https:\/\/music-gift.eu\/pt-pt\/wp-json\/wp\/v2\/product\/13002"}],"collection":[{"href":"https:\/\/music-gift.eu\/pt-pt\/wp-json\/wp\/v2\/product"}],"about":[{"href":"https:\/\/music-gift.eu\/pt-pt\/wp-json\/wp\/v2\/types\/product"}],"replies":[{"embeddable":true,"href":"https:\/\/music-gift.eu\/pt-pt\/wp-json\/wp\/v2\/comments?post=13002"}],"wp:featuredmedia":[{"embeddable":true,"href":"https:\/\/music-gift.eu\/pt-pt\/wp-json\/wp\/v2\/media\/12971"}],"wp:attachment":[{"href":"https:\/\/music-gift.eu\/pt-pt\/wp-json\/wp\/v2\/media?parent=13002"}],"wp:term":[{"taxonomy":"product_cat","embeddable":true,"href":"https:\/\/music-gift.eu\/pt-pt\/wp-json\/wp\/v2\/product_cat?post=13002"},{"taxonomy":"product_tag","embeddable":true,"href":"https:\/\/music-gift.eu\/pt-pt\/wp-json\/wp\/v2\/product_tag?post=13002"}],"curies":[{"name":"wp","href":"https:\/\/api.w.org\/{rel}","templated":true}]}}