{"id":12995,"date":"2021-01-08T12:32:57","date_gmt":"2021-01-08T11:32:57","guid":{"rendered":"https:\/\/music-gift.eu\/?post_type=product&#038;p=12995"},"modified":"2021-01-08T12:35:31","modified_gmt":"2021-01-08T11:35:31","slug":"mix-sabonetes-5x-nutcrackerjazzcomposers","status":"publish","type":"product","link":"https:\/\/music-gift.eu\/pt-pt\/product\/mix-sabonetes-5x-nutcrackerjazzcomposers\/","title":{"rendered":"MIX | Sabonetes- 5x (Nutcracker+Jazz+Composers)"},"content":{"rendered":"","protected":false},"excerpt":{"rendered":"<p>5x (Nutcracker+Jazz+Composers)<\/p>\n<p>Este produto tem um desconto adicional de 10% em rela\u00e7\u00e3o ao pre\u00e7o normal<\/p>\n","protected":false},"featured_media":12975,"comment_status":"closed","ping_status":"closed","template":"","meta":[],"product_cat":[264],"product_tag":[676,770,530],"aioseo_notices":[],"_links":{"self":[{"href":"https:\/\/music-gift.eu\/pt-pt\/wp-json\/wp\/v2\/product\/12995"}],"collection":[{"href":"https:\/\/music-gift.eu\/pt-pt\/wp-json\/wp\/v2\/product"}],"about":[{"href":"https:\/\/music-gift.eu\/pt-pt\/wp-json\/wp\/v2\/types\/product"}],"replies":[{"embeddable":true,"href":"https:\/\/music-gift.eu\/pt-pt\/wp-json\/wp\/v2\/comments?post=12995"}],"wp:featuredmedia":[{"embeddable":true,"href":"https:\/\/music-gift.eu\/pt-pt\/wp-json\/wp\/v2\/media\/12975"}],"wp:attachment":[{"href":"https:\/\/music-gift.eu\/pt-pt\/wp-json\/wp\/v2\/media?parent=12995"}],"wp:term":[{"taxonomy":"product_cat","embeddable":true,"href":"https:\/\/music-gift.eu\/pt-pt\/wp-json\/wp\/v2\/product_cat?post=12995"},{"taxonomy":"product_tag","embeddable":true,"href":"https:\/\/music-gift.eu\/pt-pt\/wp-json\/wp\/v2\/product_tag?post=12995"}],"curies":[{"name":"wp","href":"https:\/\/api.w.org\/{rel}","templated":true}]}}